{"id":1568,"date":"2022-04-27T18:23:39","date_gmt":"2022-04-27T16:23:39","guid":{"rendered":"https:\/\/mussons.cat\/privacy-policy\/"},"modified":"2022-04-27T18:23:40","modified_gmt":"2022-04-27T16:23:40","slug":"privacy-policy","status":"publish","type":"page","link":"https:\/\/mussons.cat\/en\/privacy-policy\/","title":{"rendered":"Privacy policy"},"content":{"rendered":"<p>[et_pb_section fb_built=&#8221;1&#8243; _builder_version=&#8221;4.14.8&#8243; _module_preset=&#8221;default&#8221; global_colors_info=&#8221;{}&#8221; theme_builder_area=&#8221;post_content&#8221;][et_pb_row _builder_version=&#8221;4.14.8&#8243; _module_preset=&#8221;default&#8221; global_colors_info=&#8221;{}&#8221; theme_builder_area=&#8221;post_content&#8221;][et_pb_column type=&#8221;4_4&#8243; _builder_version=&#8221;4.14.8&#8243; _module_preset=&#8221;default&#8221; global_colors_info=&#8221;{}&#8221; theme_builder_area=&#8221;post_content&#8221;][et_pb_post_title meta=&#8221;off&#8221; _builder_version=&#8221;4.14.8&#8243; _module_preset=&#8221;default&#8221; title_text_color=&#8221;#000000&#8243; global_colors_info=&#8221;{}&#8221; theme_builder_area=&#8221;post_content&#8221;][\/et_pb_post_title][et_pb_text _builder_version=&#8221;4.14.8&#8243; _module_preset=&#8221;default&#8221; global_colors_info=&#8221;{}&#8221; theme_builder_area=&#8221;post_content&#8221;]Aquesta p\u00e0gina est\u00e0 en proc\u00e8s d&#8217;actualitzaci\u00f3<\/p>\n<p>D\u2019acord amb les obligacions previstes en la Llei 34\/2002, de Serveis de la Societat de la Informaci\u00f3 i de Comer\u00e7 Electr\u00f2nic (en endavant LSSICE), manifesta que el domini mussons.cat \u00e9s propietat de XXX , amb CIF XXX, i amb domicili a XXX, 00; 00000 XXX (XXX).<\/p>\n<p>XXX no pot assumir cap responsabilitat derivada de l\u2019\u00fas incorrecte, inadequat o il\u00b7l\u00edcit de la informaci\u00f3 apareguda en les seves p\u00e0gines d\u2019Internet. Amb els l\u00edmits establerts en la llei, XXX no assumeix cap responsabilitat derivada de la falta de veracitat, integritat, actualitzaci\u00f3 i precisi\u00f3 de les dades o informacions que es contenen en les seves p\u00e0gines d\u2019Internet.<br \/>\nEls continguts i informaci\u00f3 de les p\u00e0gines d\u2019Internet de XXX estan elaborades per professionals de la mateixa degudament qualificats per a l\u2019exercici de la seva professi\u00f3. No obstant aix\u00f2, els continguts i informaci\u00f3 no vinculen a l\u2019esmentada corporaci\u00f3 ni constitueixen opinions, consells o assessorament legal de cap tipus, doncs es tracta merament d\u2019un servei ofert amb car\u00e0cter informatiu i divulgatiu. Les p\u00e0gines d\u2019Internet de XXX poden contenir enlla\u00e7os (links) a altres p\u00e0gines de terceres parts. Per tant, aquesta no pot assumir responsabilitats pel contingut que pugui apar\u00e8ixer en p\u00e0gines de tercers. Els textos, imatges, sons, animacions, programari i la resta de continguts inclosos en aquest website s\u00f3n propietat exclusiva del XXX o les seves llicenciants. Qualsevol acte de transmissi\u00f3, distribuci\u00f3, cessi\u00f3, reproducci\u00f3, emmagatzematge o comunicaci\u00f3 p\u00fablica total o parcial, ha de comptar amb el consentiment expr\u00e9s de XXX.<br \/>\nDe la mateixa manera es reserva el dret a retirar l\u2019acc\u00e9s al Portal, sense necessitat de previ av\u00eds, a qualsevol usuari que contravingui el disposat en aquest av\u00eds legal.<\/p>\n<h3 id=\"protecci\u00f3-de-dades-personals\">PROTECCI\u00d3 DE DADES PERSONALS<\/h3>\n<p>En virtut de la normativa de Protecci\u00f3 de Dades de Car\u00e0cter Personal, per la present autoritza a que les dades personals facilitades siguin incorporades i tractades en els fitxers responsabilitat de XXX i seu social a XXX, 00; 00000 XXX (XXXa).<\/p>\n<p>Si les dades son facilitades a traves del formulari de contacte, aquestes seran incorporades en el fitxer de Contactes d\u2019aquesta entitat, amb la finalitat de poder gestionar les persones de contacte i atendre la seva consulta o petici\u00f3. Les seves dades no seran transmeses a tercers, i seran conservades mentre vost\u00e8 no sol\u00b7liciti el contrari.<\/p>\n<p>Si les dades som facilitades per tal de registrar-se en aquesta web en la seva qualitat de socis, aquestes seran incorporades en el fitxer de Socis. La finalitat d\u2019aquest fitxer \u00e9s la gesti\u00f3 dels serveis prestats als socis. Aquestes dades no seran transmeses a tercers i seran conservades sempre que es mantingui la relaci\u00f3 amb aquesta entitat i\/o les responsabilitats que es poden derivar.<\/p>\n<p>En qualsevol cas podr\u00e0 indicar la revocaci\u00f3 del consentiment atorgat, aix\u00ed com exercitar els drets d\u2019acc\u00e9s, rectificaci\u00f3 o supressi\u00f3, la limitaci\u00f3 del tractament o oposar-se, aix\u00ed com el dret a la portabilitat de les dades. Aquestes peticions caldr\u00e0 que es faci a XXX, 00; 00000 XXX (XXX). o a <a href=\"mailto:privacitat@XXX.com\">privacitat@XXX.com<\/a>.<\/p>\n<p>Aix\u00ed mateix tamb\u00e9 podr\u00e0 presentar una reclamaci\u00f3 davant l\u2019Ag\u00e8ncia Espanyola de Protecci\u00f3 de Dades.<\/p>\n<h3 id=\"propietat-industrial-i-intellectual\">PROPIETAT INDUSTRIAL I INTEL\u00b7LECTUAL<\/h3>\n<p>Aquesta web \u00e9s propietat de XXX. Els drets de Propietat Intel\u00b7lectual i drets d\u2019explotaci\u00f3 i reproducci\u00f3 d\u2019aquesta web, de les seves p\u00e0gines, pantalles, la Informaci\u00f3 que contenen, la seva aparen\u00e7a i disseny, aix\u00ed com els vincles (\u201chiperlinks\u201d) que s\u2019estableixin des d\u2019ella a altres p\u00e0gines web de qualsevol centre adscrits o organisme depenent, s\u00f3n propietat exclusiva d\u2019aquesta, tret que expressament s\u2019especifiqui altra cosa.<\/p>\n<p>Qualsevol denominacions, dissenys i\/o logotips, aix\u00ed com qualsevol producte o servei oferts i reflectits en aquesta p\u00e0gina web, s\u00f3n marques degudament registrades per XXX , per les seves societats filials i\/o dominades o per tercers.<\/p>\n<p>Qualsevol \u00fas indegut de les mateixes per persones diferents del seu leg\u00edtim titular i sense el consentiment expr\u00e9s i inequ\u00edvoc per part d\u2019aquest podr\u00e0 ser denunciat i perseguit a trav\u00e9s de tots els mitjans legals existents en l\u2019Ordenament Jur\u00eddic espanyol i\/o comunitari.<\/p>\n<p>Els drets de propietat intel\u00b7lectual i marques de tercers estan destacats convenientment i han de ser respectats per tot aquell que accedeixi a aquesta p\u00e0gina, no sent responsabilitat de XXX l\u2019\u00fas que L\u2019USUARI pugui portar a terme referent a aix\u00f2, recaient la responsabilitat exclusiva en la seva persona.<\/p>\n<p>Nom\u00e9s per a \u00fas personal i privat es permet descarregar els continguts, copiar o imprimir qualsevol p\u00e0gina d\u2019aquesta web. Queda prohibit reproduir, transmetre, modificar o suprimir la informaci\u00f3, contingut o advertiments d\u2019aquesta web sense la pr\u00e8via autoritzaci\u00f3 per escrit de XXX<br \/>\nXXX no transfereix als usuaris la propietat del seu software. L\u2019usuari \u00c9s el propietari del suport en el qual el software es gravat. XXX poseeix tots els drets de propietat industrial i intelectual, incloent el sowftare. Si l\u2019 usuari transfereix software d\u2019 aquest website al seu terminal, no podr\u00e0 disseccionar pel seu estudi i descompilar, traduir la versi\u00f3 del codi objecte original o el seu llenguatge a un altre codi o llenguatge.<\/p>\n<h3 id=\"llei-aplicable-i-jurisdicci\u00f3\">LLEI APLICABLE I JURISDICCI\u00d3<\/h3>\n<p>Les presents condicions generals es regeixen per la Legislaci\u00f3 espanyola, sent competents els Jutjats i Tribunals espanyols per a con\u00e8ixer de quantes q\u00fcestions se suscitin sobre la interpretaci\u00f3, aplicaci\u00f3 i compliment de les mateixes. L\u2019USUARI, en virtut de la seva acceptaci\u00f3 a les condicions generals recollides en aquest av\u00eds legal, renuncia expressament a qualsevol fur que, per aplicaci\u00f3 de la Llei d\u2019Enjudiciament Civil vigent pogu\u00e9s correspondre-li.[\/et_pb_text][\/et_pb_column][\/et_pb_row][\/et_pb_section]<\/p>\n","protected":false},"excerpt":{"rendered":"<p>Aquesta p\u00e0gina est\u00e0 en proc\u00e8s d&#8217;actualitzaci\u00f3 D\u2019acord amb les obligacions previstes en la Llei 34\/2002, de Serveis de la Societat de la Informaci\u00f3 i de Comer\u00e7 Electr\u00f2nic (en endavant LSSICE), manifesta que el domini mussons.cat \u00e9s propietat de XXX , amb CIF XXX, i amb domicili a XXX, 00; 00000 XXX (XXX). XXX no pot [&hellip;]<\/p>\n","protected":false},"author":1,"featured_media":0,"parent":0,"menu_order":0,"comment_status":"closed","ping_status":"closed","template":"","meta":{"_et_pb_use_builder":"on","_et_pb_old_content":"","_et_gb_content_width":"","footnotes":""},"class_list":["post-1568","page","type-page","status-publish","hentry"],"yoast_head":"<!-- This site is optimized with the Yoast SEO plugin v27.4 - https:\/\/yoast.com\/product\/yoast-seo-wordpress\/ -->\n<title>Privacy policy - Mussons<\/title>\n<meta name=\"robots\" content=\"index, follow, max-snippet:-1, max-image-preview:large, max-video-preview:-1\" \/>\n<link rel=\"canonical\" href=\"https:\/\/mussons.cat\/politica-privacidad\/\" \/>\n<meta property=\"og:locale\" content=\"en_US\" \/>\n<meta property=\"og:type\" content=\"article\" \/>\n<meta property=\"og:title\" content=\"Privacy policy - Mussons\" \/>\n<meta property=\"og:description\" content=\"Aquesta p\u00e0gina est\u00e0 en proc\u00e8s d&#039;actualitzaci\u00f3 D\u2019acord amb les obligacions previstes en la Llei 34\/2002, de Serveis de la Societat de la Informaci\u00f3 i de Comer\u00e7 Electr\u00f2nic (en endavant LSSICE), manifesta que el domini mussons.cat \u00e9s propietat de XXX , amb CIF XXX, i amb domicili a XXX, 00; 00000 XXX (XXX). XXX no pot [&hellip;]\" \/>\n<meta property=\"og:url\" content=\"https:\/\/mussons.cat\/politica-privacidad\/\" \/>\n<meta property=\"og:site_name\" content=\"Mussons\" \/>\n<meta property=\"article:publisher\" content=\"https:\/\/www.facebook.com\/mussons.vins\" \/>\n<meta property=\"article:modified_time\" content=\"2022-04-27T16:23:40+00:00\" \/>\n<meta name=\"twitter:card\" content=\"summary_large_image\" \/>\n<meta name=\"twitter:label1\" content=\"Est. reading time\" \/>\n\t<meta name=\"twitter:data1\" content=\"5 minutes\" \/>\n<script type=\"application\/ld+json\" class=\"yoast-schema-graph\">{\"@context\":\"https:\\\/\\\/schema.org\",\"@graph\":[{\"@type\":\"WebPage\",\"@id\":\"https:\\\/\\\/mussons.cat\\\/politica-privacidad\\\/\",\"url\":\"https:\\\/\\\/mussons.cat\\\/politica-privacidad\\\/\",\"name\":\"Privacy policy - Mussons\",\"isPartOf\":{\"@id\":\"https:\\\/\\\/mussons.cat\\\/#website\"},\"datePublished\":\"2022-04-27T16:23:39+00:00\",\"dateModified\":\"2022-04-27T16:23:40+00:00\",\"breadcrumb\":{\"@id\":\"https:\\\/\\\/mussons.cat\\\/politica-privacidad\\\/#breadcrumb\"},\"inLanguage\":\"en-US\",\"potentialAction\":[{\"@type\":\"ReadAction\",\"target\":[\"https:\\\/\\\/mussons.cat\\\/politica-privacidad\\\/\"]}]},{\"@type\":\"BreadcrumbList\",\"@id\":\"https:\\\/\\\/mussons.cat\\\/politica-privacidad\\\/#breadcrumb\",\"itemListElement\":[{\"@type\":\"ListItem\",\"position\":1,\"name\":\"Inici\",\"item\":\"https:\\\/\\\/mussons.cat\\\/\"},{\"@type\":\"ListItem\",\"position\":2,\"name\":\"Privacy policy\"}]},{\"@type\":\"WebSite\",\"@id\":\"https:\\\/\\\/mussons.cat\\\/#website\",\"url\":\"https:\\\/\\\/mussons.cat\\\/\",\"name\":\"Mussons\",\"description\":\"El celler del Priorat\",\"publisher\":{\"@id\":\"https:\\\/\\\/mussons.cat\\\/#organization\"},\"potentialAction\":[{\"@type\":\"SearchAction\",\"target\":{\"@type\":\"EntryPoint\",\"urlTemplate\":\"https:\\\/\\\/mussons.cat\\\/?s={search_term_string}\"},\"query-input\":{\"@type\":\"PropertyValueSpecification\",\"valueRequired\":true,\"valueName\":\"search_term_string\"}}],\"inLanguage\":\"en-US\"},{\"@type\":\"Organization\",\"@id\":\"https:\\\/\\\/mussons.cat\\\/#organization\",\"name\":\"Mussons\",\"url\":\"https:\\\/\\\/mussons.cat\\\/\",\"logo\":{\"@type\":\"ImageObject\",\"inLanguage\":\"en-US\",\"@id\":\"https:\\\/\\\/mussons.cat\\\/#\\\/schema\\\/logo\\\/image\\\/\",\"url\":\"https:\\\/\\\/mussons.cat\\\/wp-content\\\/uploads\\\/2021\\\/11\\\/logo.jpg\",\"contentUrl\":\"https:\\\/\\\/mussons.cat\\\/wp-content\\\/uploads\\\/2021\\\/11\\\/logo.jpg\",\"width\":200,\"height\":200,\"caption\":\"Mussons\"},\"image\":{\"@id\":\"https:\\\/\\\/mussons.cat\\\/#\\\/schema\\\/logo\\\/image\\\/\"},\"sameAs\":[\"https:\\\/\\\/www.facebook.com\\\/mussons.vins\",\"https:\\\/\\\/www.instagram.com\\\/mussonsvins\\\/\"]}]}<\/script>\n<!-- \/ Yoast SEO plugin. -->","yoast_head_json":{"title":"Privacy policy - Mussons","robots":{"index":"index","follow":"follow","max-snippet":"max-snippet:-1","max-image-preview":"max-image-preview:large","max-video-preview":"max-video-preview:-1"},"canonical":"https:\/\/mussons.cat\/politica-privacidad\/","og_locale":"en_US","og_type":"article","og_title":"Privacy policy - Mussons","og_description":"Aquesta p\u00e0gina est\u00e0 en proc\u00e8s d'actualitzaci\u00f3 D\u2019acord amb les obligacions previstes en la Llei 34\/2002, de Serveis de la Societat de la Informaci\u00f3 i de Comer\u00e7 Electr\u00f2nic (en endavant LSSICE), manifesta que el domini mussons.cat \u00e9s propietat de XXX , amb CIF XXX, i amb domicili a XXX, 00; 00000 XXX (XXX). XXX no pot [&hellip;]","og_url":"https:\/\/mussons.cat\/politica-privacidad\/","og_site_name":"Mussons","article_publisher":"https:\/\/www.facebook.com\/mussons.vins","article_modified_time":"2022-04-27T16:23:40+00:00","twitter_card":"summary_large_image","twitter_misc":{"Est. reading time":"5 minutes"},"schema":{"@context":"https:\/\/schema.org","@graph":[{"@type":"WebPage","@id":"https:\/\/mussons.cat\/politica-privacidad\/","url":"https:\/\/mussons.cat\/politica-privacidad\/","name":"Privacy policy - Mussons","isPartOf":{"@id":"https:\/\/mussons.cat\/#website"},"datePublished":"2022-04-27T16:23:39+00:00","dateModified":"2022-04-27T16:23:40+00:00","breadcrumb":{"@id":"https:\/\/mussons.cat\/politica-privacidad\/#breadcrumb"},"inLanguage":"en-US","potentialAction":[{"@type":"ReadAction","target":["https:\/\/mussons.cat\/politica-privacidad\/"]}]},{"@type":"BreadcrumbList","@id":"https:\/\/mussons.cat\/politica-privacidad\/#breadcrumb","itemListElement":[{"@type":"ListItem","position":1,"name":"Inici","item":"https:\/\/mussons.cat\/"},{"@type":"ListItem","position":2,"name":"Privacy policy"}]},{"@type":"WebSite","@id":"https:\/\/mussons.cat\/#website","url":"https:\/\/mussons.cat\/","name":"Mussons","description":"El celler del Priorat","publisher":{"@id":"https:\/\/mussons.cat\/#organization"},"potentialAction":[{"@type":"SearchAction","target":{"@type":"EntryPoint","urlTemplate":"https:\/\/mussons.cat\/?s={search_term_string}"},"query-input":{"@type":"PropertyValueSpecification","valueRequired":true,"valueName":"search_term_string"}}],"inLanguage":"en-US"},{"@type":"Organization","@id":"https:\/\/mussons.cat\/#organization","name":"Mussons","url":"https:\/\/mussons.cat\/","logo":{"@type":"ImageObject","inLanguage":"en-US","@id":"https:\/\/mussons.cat\/#\/schema\/logo\/image\/","url":"https:\/\/mussons.cat\/wp-content\/uploads\/2021\/11\/logo.jpg","contentUrl":"https:\/\/mussons.cat\/wp-content\/uploads\/2021\/11\/logo.jpg","width":200,"height":200,"caption":"Mussons"},"image":{"@id":"https:\/\/mussons.cat\/#\/schema\/logo\/image\/"},"sameAs":["https:\/\/www.facebook.com\/mussons.vins","https:\/\/www.instagram.com\/mussonsvins\/"]}]}},"_links":{"self":[{"href":"https:\/\/mussons.cat\/en\/wp-json\/wp\/v2\/pages\/1568","targetHints":{"allow":["GET"]}}],"collection":[{"href":"https:\/\/mussons.cat\/en\/wp-json\/wp\/v2\/pages"}],"about":[{"href":"https:\/\/mussons.cat\/en\/wp-json\/wp\/v2\/types\/page"}],"author":[{"embeddable":true,"href":"https:\/\/mussons.cat\/en\/wp-json\/wp\/v2\/users\/1"}],"replies":[{"embeddable":true,"href":"https:\/\/mussons.cat\/en\/wp-json\/wp\/v2\/comments?post=1568"}],"version-history":[{"count":2,"href":"https:\/\/mussons.cat\/en\/wp-json\/wp\/v2\/pages\/1568\/revisions"}],"predecessor-version":[{"id":1570,"href":"https:\/\/mussons.cat\/en\/wp-json\/wp\/v2\/pages\/1568\/revisions\/1570"}],"wp:attachment":[{"href":"https:\/\/mussons.cat\/en\/wp-json\/wp\/v2\/media?parent=1568"}],"curies":[{"name":"wp","href":"https:\/\/api.w.org\/{rel}","templated":true}]}}