{"id":1501,"date":"2022-04-21T12:57:34","date_gmt":"2022-04-21T10:57:34","guid":{"rendered":"https:\/\/mussons.cat\/la-bodega\/"},"modified":"2022-04-21T13:00:40","modified_gmt":"2022-04-21T11:00:40","slug":"la-bodega","status":"publish","type":"page","link":"https:\/\/mussons.cat\/es\/la-bodega\/","title":{"rendered":"LA BODEGA"},"content":{"rendered":"<p>[et_pb_section fb_built=\u00bb1&#8243; admin_label=\u00bbHeader \u00bb _builder_version=\u00bb4.12.1&#8243; _module_preset=\u00bbdefault\u00bb background_image=\u00bbhttps:\/\/mussons.cat\/wp-content\/uploads\/2021\/11\/celler-poboleda-mussons.jpeg\u00bb global_colors_info=\u00bb{}\u00bb][et_pb_row _builder_version=\u00bb4.11.4&#8243; _module_preset=\u00bbdefault\u00bb custom_margin=\u00bb30px||30px||false|false\u00bb global_colors_info=\u00bb{}\u00bb][et_pb_column type=\u00bb4_4&#8243; _builder_version=\u00bb4.11.4&#8243; _module_preset=\u00bbdefault\u00bb global_colors_info=\u00bb{}\u00bb][et_pb_text _builder_version=\u00bb4.13.1&#8243; _module_preset=\u00bbdefault\u00bb global_colors_info=\u00bb{}\u00bb]<\/p>\n<h2 style=\"color: #ffffff; text-align: center;\">POBOLEDA<\/h2>\n<h1 style=\"text-align: center;\">BODEGA PRIORAT<\/h1>\n<div style=\"max-width:750px; margin:0 auto;\">\n<h3 style=\"color: #ffffff; text-align: center;\">En Mussons, elaboramos vinos en el Priorat desde 1973. Actualmente, elaboramos nuestros vinos DOQ Priorat en nuestra bodega en Poboleda, donde tambi\u00e9n cultivamos nuestras vi\u00f1as.<\/h3>\n<\/div>\n<p>[\/et_pb_text][\/et_pb_column][\/et_pb_row][\/et_pb_section][et_pb_section fb_built=\u00bb1&#8243; admin_label=\u00bbDOQ PRIORAT\u00bb _builder_version=\u00bb4.12.1&#8243; _module_preset=\u00bbdefault\u00bb global_colors_info=\u00bb{}\u00bb][et_pb_row _builder_version=\u00bb4.12.1&#8243; _module_preset=\u00bbdefault\u00bb global_colors_info=\u00bb{}\u00bb][et_pb_column type=\u00bb4_4&#8243; _builder_version=\u00bb4.12.1&#8243; _module_preset=\u00bbdefault\u00bb global_colors_info=\u00bb{}\u00bb][et_pb_text _builder_version=\u00bb4.12.1&#8243; _module_preset=\u00bbdefault\u00bb global_colors_info=\u00bb{}\u00bb]<\/p>\n<h2 style=\"text-align: center;\"><strong>VINOS<\/strong><\/h2>\n<h3 style=\"text-align: center;\">BODEGA PRIORAT<\/h3>\n<p style=\"text-align: center;\">La bodega, situada en la entrada de Poboleda, en el coraz\u00f3n del Priorat, es de reciente construcci\u00f3n (2015); est\u00e1 bien equipada, con dep\u00f3sitos de acero inoxidable, equipados para fermentar en condiciones \u00f3ptimas y dep\u00f3sitos de almacenamiento para conservar los vinos sin contacto con el aire (Dep\u00f3sitos \u201cSiempre Llenos\u201d). Tambi\u00e9n hay barricas de roble franc\u00e9s y americano. Tenemos una capacidad de elaboraci\u00f3n de entre 15.000 y 20.000 litros al a\u00f1o. Actualmente, producimos un vino tinto con un envejecimiento de 2 &#8211; 3 a\u00f1os y un vino blanco joven, provenientes de nuestras vi\u00f1as situadas a 2 km de la bodega.<\/p>\n<p>[\/et_pb_text][et_pb_image src=\u00bbhttps:\/\/mussons.cat\/wp-content\/uploads\/2021\/11\/priorat-doq.jpeg\u00bb title_text=\u00bbpriorat-doq\u00bb align=\u00bbcenter\u00bb _builder_version=\u00bb4.12.1&#8243; _module_preset=\u00bbdefault\u00bb global_colors_info=\u00bb{}\u00bb][\/et_pb_image][\/et_pb_column][\/et_pb_row][\/et_pb_section][et_pb_section fb_built=\u00bb1&#8243; custom_padding_last_edited=\u00bbon|tablet\u00bb admin_label=\u00bbCTA\u00bb _builder_version=\u00bb4.12.1&#8243; _module_preset=\u00bbdefault\u00bb background_image=\u00bbhttps:\/\/mussons.cat\/wp-content\/uploads\/2021\/11\/MG_2165_Easy-Resize.com_.jpg\u00bb custom_padding=\u00bb100px||100px||false|false\u00bb custom_padding_tablet=\u00bb70px||70px||false|false\u00bb custom_padding_phone=\u00bb\u00bb saved_tabs=\u00bball\u00bb locked=\u00bboff\u00bb global_colors_info=\u00bb{}\u00bb][et_pb_row _builder_version=\u00bb4.10.3&#8243; _module_preset=\u00bbdefault\u00bb global_colors_info=\u00bb{}\u00bb][et_pb_column type=\u00bb4_4&#8243; _builder_version=\u00bb4.10.3&#8243; _module_preset=\u00bbdefault\u00bb global_colors_info=\u00bb{}\u00bb][et_pb_blurb use_icon=\u00bbon\u00bb font_icon=\u00bb&#xe015;||divi||400&#8243; icon_color=\u00bb#FFFFFF\u00bb _builder_version=\u00bb4.13.1&#8243; _module_preset=\u00bbdefault\u00bb custom_margin=\u00bb1px||0px||false|false\u00bb custom_padding=\u00bb||0px||false|false\u00bb global_colors_info=\u00bb{}\u00bb][\/et_pb_blurb][et_pb_text _builder_version=\u00bb4.12.1&#8243; _module_preset=\u00bbdefault\u00bb text_text_color=\u00bb#FFFFFF\u00bb text_orientation=\u00bbcenter\u00bb global_colors_info=\u00bb{}\u00bb]<\/p>\n<div style=\"max-width:600px; margin:0 auto;\">\n<h2 style=\"color:#fff;\">PUEDES COMPRAR NUESTROS VINOS EN LA TIENDA ONLINE DE LA WEB<\/h2>\n<\/div>\n<p>[\/et_pb_text][et_pb_button button_url=\u00bb@ET-DC@eyJkeW5hbWljIjp0cnVlLCJjb250ZW50IjoicG9zdF9saW5rX3VybF9wYWdlIiwic2V0dGluZ3MiOnsicG9zdF9pZCI6IjMxIn19@\u00bb button_text=\u00bbTienda online de vinos\u00bb button_alignment=\u00bbcenter\u00bb _builder_version=\u00bb4.14.8&#8243; _dynamic_attributes=\u00bbbutton_url\u00bb _module_preset=\u00bb8eab1b2a-a0b2-412b-959b-1e6d5b220b5f\u00bb global_colors_info=\u00bb{}\u00bb button_text_color__hover=\u00bb#e39a31&#8243;][\/et_pb_button][\/et_pb_column][\/et_pb_row][\/et_pb_section][et_pb_section fb_built=\u00bb1&#8243; _builder_version=\u00bb4.12.1&#8243; _module_preset=\u00bbdefault\u00bb global_colors_info=\u00bb{}\u00bb][et_pb_row _builder_version=\u00bb4.12.1&#8243; _module_preset=\u00bbdefault\u00bb global_colors_info=\u00bb{}\u00bb][et_pb_column type=\u00bb4_4&#8243; _builder_version=\u00bb4.12.1&#8243; _module_preset=\u00bbdefault\u00bb global_colors_info=\u00bb{}\u00bb][et_pb_text _builder_version=\u00bb4.12.1&#8243; _module_preset=\u00bbdefault\u00bb global_colors_info=\u00bb{}\u00bb]<\/p>\n<h2 style=\"text-align: center;\"><strong>DESDE 1928<\/strong><\/h2>\n<h3 style=\"text-align: center;\"> HISTORIA <\/h3>\n<p style=\"text-align: center;\">MussonsVins nace con una herencia de m\u00e1s de 80 a\u00f1os de tradici\u00f3n familiar, cuando, en 1928, de la mano de Jaume Mussons Llopart, empieza a comercializar vinos en su almac\u00e9n de Barcelona. Pero en 1964, con su hijo Jaume Mussons Estebanell, el negocio crece y se empieza a hacer crianza de vinos para exportar y a embotellar con las marcas patentadas, Mussons y Scala Dei. En el mismo a\u00f1o, se patenta tambi\u00e9n la insignia familiar. En el a\u00f1o 1973, se funda la sociedad Cellers de Scala Dei, donde J. Mussons Estebanell es el director t\u00e9cnico y en\u00f3logo. Fue uno de los primeros vinos embotellados en el Priorat, con gran reconocimiento. En 1991, Jaume Mussons Carvajal (nieto del fundador) y su esposa Teresa Mi Argem\u00ed empiezan el cultivo de la vi\u00f1a en Poboleda, en el coraz\u00f3n del Priorat, y en el 2009 se refunda la compa\u00f1\u00eda con el nombre de MussonsVins. Pocos a\u00f1os despu\u00e9s, se empiezan a embotellar vinos con la marca MUSSONS en su bodega de Poboleda. Esta bodega ha sido reformada y ampliada en 2015.<\/p>\n<p>[\/et_pb_text][et_pb_gallery gallery_ids=\u00bb1203,1205,1207,1209,1211,1213,1215,1217,1219&#8243; posts_number=\u00bb20&#8243; orientation=\u00bbportrait\u00bb show_title_and_caption=\u00bboff\u00bb show_pagination=\u00bboff\u00bb module_class=\u00bbgaleria-3col\u00bb _builder_version=\u00bb4.14.4&#8243; _module_preset=\u00bbdefault\u00bb global_colors_info=\u00bb{}\u00bb][\/et_pb_gallery][\/et_pb_column][\/et_pb_row][\/et_pb_section][et_pb_section fb_built=\u00bb1&#8243; fullwidth=\u00bbon\u00bb disabled_on=\u00bbon|on|on\u00bb _builder_version=\u00bb4.12.1&#8243; _module_preset=\u00bbdefault\u00bb disabled=\u00bbon\u00bb global_colors_info=\u00bb{}\u00bb][et_pb_fullwidth_image src=\u00bbhttps:\/\/mussons.cat\/wp-content\/uploads\/2021\/11\/celler-mussons-doq-priorat.jpeg\u00bb title_text=\u00bbceller-mussons-doq-priorat\u00bb _builder_version=\u00bb4.12.1&#8243; _module_preset=\u00bbdefault\u00bb global_colors_info=\u00bb{}\u00bb][\/et_pb_fullwidth_image][\/et_pb_section][et_pb_section fb_built=\u00bb1&#8243; custom_padding_last_edited=\u00bbon|tablet\u00bb disabled_on=\u00bbon|on|on\u00bb admin_label=\u00bbCTA\u00bb _builder_version=\u00bb4.14.4&#8243; _module_preset=\u00bbdefault\u00bb background_image=\u00bbhttps:\/\/mussons.cat\/wp-content\/uploads\/2021\/11\/visites-al-celler-mussons.jpeg\u00bb custom_padding=\u00bb100px||100px||false|false\u00bb custom_padding_tablet=\u00bb70px||70px||false|false\u00bb custom_padding_phone=\u00bb\u00bb disabled=\u00bbon\u00bb saved_tabs=\u00bball\u00bb locked=\u00bboff\u00bb global_colors_info=\u00bb{}\u00bb][et_pb_row _builder_version=\u00bb4.10.3&#8243; _module_preset=\u00bbdefault\u00bb global_colors_info=\u00bb{}\u00bb][et_pb_column type=\u00bb4_4&#8243; _builder_version=\u00bb4.10.3&#8243; _module_preset=\u00bbdefault\u00bb global_colors_info=\u00bb{}\u00bb][et_pb_blurb use_icon=\u00bbon\u00bb font_icon=\u00bb&#xe015;||divi||400&#8243; icon_color=\u00bb#FFFFFF\u00bb _builder_version=\u00bb4.13.1&#8243; _module_preset=\u00bbdefault\u00bb custom_margin=\u00bb1px||0px||false|false\u00bb custom_padding=\u00bb||0px||false|false\u00bb global_colors_info=\u00bb{}\u00bb][\/et_pb_blurb][et_pb_text _builder_version=\u00bb4.12.1&#8243; _module_preset=\u00bbdefault\u00bb text_text_color=\u00bb#FFFFFF\u00bb text_orientation=\u00bbcenter\u00bb global_colors_info=\u00bb{}\u00bb]<\/p>\n<div style=\"max-width:600px; margin:0 auto;\">\n<h2 style=\"color:#fff;\">PUEDES COMPRAR NUESTROS VINOS EN LA TIENDA ONLINE DE LA WEB<\/h2>\n<\/div>\n<p>[\/et_pb_text][et_pb_button button_url=\u00bb@ET-DC@eyJkeW5hbWljIjp0cnVlLCJjb250ZW50IjoicG9zdF9saW5rX3VybF9wYWdlIiwic2V0dGluZ3MiOnsicG9zdF9pZCI6IjMxIn19@\u00bb button_text=\u00bbTienda online de vinos\u00bb _builder_version=\u00bb4.14.3&#8243; _dynamic_attributes=\u00bbbutton_url\u00bb _module_preset=\u00bb8eab1b2a-a0b2-412b-959b-1e6d5b220b5f\u00bb global_colors_info=\u00bb{}\u00bb button_text_color__hover=\u00bb#e39a31&#8243;][\/et_pb_button][\/et_pb_column][\/et_pb_row][\/et_pb_section][et_pb_section fb_built=\u00bb1&#8243; admin_label=\u00bbCTA  Visita\u00bb _builder_version=\u00bb4.14.4&#8243; _module_preset=\u00bbdefault\u00bb background_image=\u00bbhttps:\/\/mussons.cat\/wp-content\/uploads\/2021\/11\/visites-al-celler-mussons.jpeg\u00bb global_colors_info=\u00bb{}\u00bb][et_pb_row _builder_version=\u00bb4.12.1&#8243; _module_preset=\u00bbdefault\u00bb custom_margin=\u00bb45px||45px||false|false\u00bb global_colors_info=\u00bb{}\u00bb][et_pb_column type=\u00bb4_4&#8243; _builder_version=\u00bb4.12.1&#8243; _module_preset=\u00bbdefault\u00bb global_colors_info=\u00bb{}\u00bb][et_pb_text _builder_version=\u00bb4.14.8&#8243; _module_preset=\u00bbdefault\u00bb hover_enabled=\u00bb0&#8243; global_colors_info=\u00bb{}\u00bb sticky_enabled=\u00bb0&#8243;]<\/p>\n<h2 style=\"text-align: center; color:#fff;\">\u00a1REGALA UNA VISITA!<\/h2>\n<div style=\"max-width: 600px; margin: 0 auto;\">\n<h3 style=\"text-align: center; color:#fff;\">Un regalo asombroso que siempre gusta y nunca deja indiferente. Una experiencia \u00fanica para compartir y recordar con nuestras personas m\u00e1s cercanas.<\/h3>\n<\/div>\n<p>[\/et_pb_text][et_pb_button button_url=\u00bb@ET-DC@eyJkeW5hbWljIjp0cnVlLCJjb250ZW50IjoicG9zdF9saW5rX3VybF9wYWdlIiwic2V0dGluZ3MiOnsicG9zdF9pZCI6IjMxIn19@\u00bb button_text=\u00bbComprar\u00bb button_alignment=\u00bbcenter\u00bb _builder_version=\u00bb4.14.3&#8243; _dynamic_attributes=\u00bbbutton_url\u00bb _module_preset=\u00bbdefault\u00bb custom_button=\u00bbon\u00bb button_text_color=\u00bb#FFFFFF\u00bb global_colors_info=\u00bb{}\u00bb][\/et_pb_button][\/et_pb_column][\/et_pb_row][\/et_pb_section]<\/p>\n","protected":false},"excerpt":{"rendered":"<p>POBOLEDA BODEGA PRIORAT En Mussons, elaboramos vinos en el Priorat desde 1973. Actualmente, elaboramos nuestros vinos DOQ Priorat en nuestra bodega en Poboleda, donde tambi\u00e9n cultivamos nuestras vi\u00f1as.VINOS BODEGA PRIORAT La bodega, situada en la entrada de Poboleda, en el coraz\u00f3n del Priorat, es de reciente construcci\u00f3n (2015); est\u00e1 bien equipada, con dep\u00f3sitos de acero [&hellip;]<\/p>\n","protected":false},"author":1,"featured_media":0,"parent":0,"menu_order":0,"comment_status":"closed","ping_status":"closed","template":"","meta":{"_et_pb_use_builder":"on","_et_pb_old_content":"","_et_gb_content_width":"","footnotes":""},"class_list":["post-1501","page","type-page","status-publish","hentry"],"yoast_head":"<!-- This site is optimized with the Yoast SEO plugin v27.4 - https:\/\/yoast.com\/product\/yoast-seo-wordpress\/ -->\n<title>LA BODEGA - Mussons<\/title>\n<meta name=\"robots\" content=\"index, follow, max-snippet:-1, max-image-preview:large, max-video-preview:-1\" \/>\n<link rel=\"canonical\" href=\"https:\/\/mussons.cat\/el-celler\/\" \/>\n<meta property=\"og:locale\" content=\"es_ES\" \/>\n<meta property=\"og:type\" content=\"article\" \/>\n<meta property=\"og:title\" content=\"LA BODEGA - Mussons\" \/>\n<meta property=\"og:description\" content=\"POBOLEDA BODEGA PRIORAT En Mussons, elaboramos vinos en el Priorat desde 1973. Actualmente, elaboramos nuestros vinos DOQ Priorat en nuestra bodega en Poboleda, donde tambi\u00e9n cultivamos nuestras vi\u00f1as.VINOS BODEGA PRIORAT La bodega, situada en la entrada de Poboleda, en el coraz\u00f3n del Priorat, es de reciente construcci\u00f3n (2015); est\u00e1 bien equipada, con dep\u00f3sitos de acero [&hellip;]\" \/>\n<meta property=\"og:url\" content=\"https:\/\/mussons.cat\/el-celler\/\" \/>\n<meta property=\"og:site_name\" content=\"Mussons\" \/>\n<meta property=\"article:publisher\" content=\"https:\/\/www.facebook.com\/mussons.vins\" \/>\n<meta property=\"article:modified_time\" content=\"2022-04-21T11:00:40+00:00\" \/>\n<meta name=\"twitter:card\" content=\"summary_large_image\" \/>\n<meta name=\"twitter:label1\" content=\"Tiempo de lectura\" \/>\n\t<meta name=\"twitter:data1\" content=\"6 minutos\" \/>\n<script type=\"application\/ld+json\" class=\"yoast-schema-graph\">{\"@context\":\"https:\\\/\\\/schema.org\",\"@graph\":[{\"@type\":\"WebPage\",\"@id\":\"https:\\\/\\\/mussons.cat\\\/el-celler\\\/\",\"url\":\"https:\\\/\\\/mussons.cat\\\/el-celler\\\/\",\"name\":\"LA BODEGA - Mussons\",\"isPartOf\":{\"@id\":\"https:\\\/\\\/mussons.cat\\\/#website\"},\"datePublished\":\"2022-04-21T10:57:34+00:00\",\"dateModified\":\"2022-04-21T11:00:40+00:00\",\"breadcrumb\":{\"@id\":\"https:\\\/\\\/mussons.cat\\\/el-celler\\\/#breadcrumb\"},\"inLanguage\":\"es\",\"potentialAction\":[{\"@type\":\"ReadAction\",\"target\":[\"https:\\\/\\\/mussons.cat\\\/el-celler\\\/\"]}]},{\"@type\":\"BreadcrumbList\",\"@id\":\"https:\\\/\\\/mussons.cat\\\/el-celler\\\/#breadcrumb\",\"itemListElement\":[{\"@type\":\"ListItem\",\"position\":1,\"name\":\"Inici\",\"item\":\"https:\\\/\\\/mussons.cat\\\/\"},{\"@type\":\"ListItem\",\"position\":2,\"name\":\"LA BODEGA\"}]},{\"@type\":\"WebSite\",\"@id\":\"https:\\\/\\\/mussons.cat\\\/#website\",\"url\":\"https:\\\/\\\/mussons.cat\\\/\",\"name\":\"Mussons\",\"description\":\"El celler del Priorat\",\"publisher\":{\"@id\":\"https:\\\/\\\/mussons.cat\\\/#organization\"},\"potentialAction\":[{\"@type\":\"SearchAction\",\"target\":{\"@type\":\"EntryPoint\",\"urlTemplate\":\"https:\\\/\\\/mussons.cat\\\/?s={search_term_string}\"},\"query-input\":{\"@type\":\"PropertyValueSpecification\",\"valueRequired\":true,\"valueName\":\"search_term_string\"}}],\"inLanguage\":\"es\"},{\"@type\":\"Organization\",\"@id\":\"https:\\\/\\\/mussons.cat\\\/#organization\",\"name\":\"Mussons\",\"url\":\"https:\\\/\\\/mussons.cat\\\/\",\"logo\":{\"@type\":\"ImageObject\",\"inLanguage\":\"es\",\"@id\":\"https:\\\/\\\/mussons.cat\\\/#\\\/schema\\\/logo\\\/image\\\/\",\"url\":\"https:\\\/\\\/mussons.cat\\\/wp-content\\\/uploads\\\/2021\\\/11\\\/logo.jpg\",\"contentUrl\":\"https:\\\/\\\/mussons.cat\\\/wp-content\\\/uploads\\\/2021\\\/11\\\/logo.jpg\",\"width\":200,\"height\":200,\"caption\":\"Mussons\"},\"image\":{\"@id\":\"https:\\\/\\\/mussons.cat\\\/#\\\/schema\\\/logo\\\/image\\\/\"},\"sameAs\":[\"https:\\\/\\\/www.facebook.com\\\/mussons.vins\",\"https:\\\/\\\/www.instagram.com\\\/mussonsvins\\\/\"]}]}<\/script>\n<!-- \/ Yoast SEO plugin. -->","yoast_head_json":{"title":"LA BODEGA - Mussons","robots":{"index":"index","follow":"follow","max-snippet":"max-snippet:-1","max-image-preview":"max-image-preview:large","max-video-preview":"max-video-preview:-1"},"canonical":"https:\/\/mussons.cat\/el-celler\/","og_locale":"es_ES","og_type":"article","og_title":"LA BODEGA - Mussons","og_description":"POBOLEDA BODEGA PRIORAT En Mussons, elaboramos vinos en el Priorat desde 1973. Actualmente, elaboramos nuestros vinos DOQ Priorat en nuestra bodega en Poboleda, donde tambi\u00e9n cultivamos nuestras vi\u00f1as.VINOS BODEGA PRIORAT La bodega, situada en la entrada de Poboleda, en el coraz\u00f3n del Priorat, es de reciente construcci\u00f3n (2015); est\u00e1 bien equipada, con dep\u00f3sitos de acero [&hellip;]","og_url":"https:\/\/mussons.cat\/el-celler\/","og_site_name":"Mussons","article_publisher":"https:\/\/www.facebook.com\/mussons.vins","article_modified_time":"2022-04-21T11:00:40+00:00","twitter_card":"summary_large_image","twitter_misc":{"Tiempo de lectura":"6 minutos"},"schema":{"@context":"https:\/\/schema.org","@graph":[{"@type":"WebPage","@id":"https:\/\/mussons.cat\/el-celler\/","url":"https:\/\/mussons.cat\/el-celler\/","name":"LA BODEGA - Mussons","isPartOf":{"@id":"https:\/\/mussons.cat\/#website"},"datePublished":"2022-04-21T10:57:34+00:00","dateModified":"2022-04-21T11:00:40+00:00","breadcrumb":{"@id":"https:\/\/mussons.cat\/el-celler\/#breadcrumb"},"inLanguage":"es","potentialAction":[{"@type":"ReadAction","target":["https:\/\/mussons.cat\/el-celler\/"]}]},{"@type":"BreadcrumbList","@id":"https:\/\/mussons.cat\/el-celler\/#breadcrumb","itemListElement":[{"@type":"ListItem","position":1,"name":"Inici","item":"https:\/\/mussons.cat\/"},{"@type":"ListItem","position":2,"name":"LA BODEGA"}]},{"@type":"WebSite","@id":"https:\/\/mussons.cat\/#website","url":"https:\/\/mussons.cat\/","name":"Mussons","description":"El celler del Priorat","publisher":{"@id":"https:\/\/mussons.cat\/#organization"},"potentialAction":[{"@type":"SearchAction","target":{"@type":"EntryPoint","urlTemplate":"https:\/\/mussons.cat\/?s={search_term_string}"},"query-input":{"@type":"PropertyValueSpecification","valueRequired":true,"valueName":"search_term_string"}}],"inLanguage":"es"},{"@type":"Organization","@id":"https:\/\/mussons.cat\/#organization","name":"Mussons","url":"https:\/\/mussons.cat\/","logo":{"@type":"ImageObject","inLanguage":"es","@id":"https:\/\/mussons.cat\/#\/schema\/logo\/image\/","url":"https:\/\/mussons.cat\/wp-content\/uploads\/2021\/11\/logo.jpg","contentUrl":"https:\/\/mussons.cat\/wp-content\/uploads\/2021\/11\/logo.jpg","width":200,"height":200,"caption":"Mussons"},"image":{"@id":"https:\/\/mussons.cat\/#\/schema\/logo\/image\/"},"sameAs":["https:\/\/www.facebook.com\/mussons.vins","https:\/\/www.instagram.com\/mussonsvins\/"]}]}},"_links":{"self":[{"href":"https:\/\/mussons.cat\/es\/wp-json\/wp\/v2\/pages\/1501","targetHints":{"allow":["GET"]}}],"collection":[{"href":"https:\/\/mussons.cat\/es\/wp-json\/wp\/v2\/pages"}],"about":[{"href":"https:\/\/mussons.cat\/es\/wp-json\/wp\/v2\/types\/page"}],"author":[{"embeddable":true,"href":"https:\/\/mussons.cat\/es\/wp-json\/wp\/v2\/users\/1"}],"replies":[{"embeddable":true,"href":"https:\/\/mussons.cat\/es\/wp-json\/wp\/v2\/comments?post=1501"}],"version-history":[{"count":4,"href":"https:\/\/mussons.cat\/es\/wp-json\/wp\/v2\/pages\/1501\/revisions"}],"predecessor-version":[{"id":1505,"href":"https:\/\/mussons.cat\/es\/wp-json\/wp\/v2\/pages\/1501\/revisions\/1505"}],"wp:attachment":[{"href":"https:\/\/mussons.cat\/es\/wp-json\/wp\/v2\/media?parent=1501"}],"curies":[{"name":"wp","href":"https:\/\/api.w.org\/{rel}","templated":true}]}}