{"id":1507,"date":"2022-04-27T17:21:56","date_gmt":"2022-04-27T15:21:56","guid":{"rendered":"https:\/\/mussons.cat\/home\/"},"modified":"2022-04-27T17:21:58","modified_gmt":"2022-04-27T15:21:58","slug":"home","status":"publish","type":"page","link":"https:\/\/mussons.cat\/es\/","title":{"rendered":"Home"},"content":{"rendered":"<p>[et_pb_section fb_built=\u00bb1&#8243; fullwidth=\u00bbon\u00bb _builder_version=\u00bb4.11.4&#8243; _module_preset=\u00bbdefault\u00bb global_colors_info=\u00bb{}\u00bb][et_pb_fullwidth_slider _builder_version=\u00bb4.14.3&#8243; _module_preset=\u00bbdefault\u00bb global_colors_info=\u00bb{}\u00bb][et_pb_slide heading=\u00bbTradici\u00f3n y herencia\u00bb _builder_version=\u00bb4.14.3&#8243; _module_preset=\u00bbdefault\u00bb background_enable_color=\u00bboff\u00bb background_image=\u00bbhttps:\/\/mussons.cat\/wp-content\/uploads\/2021\/10\/home-priorat-vin\u0303edos-poboleda.jpeg\u00bb background_enable_image=\u00bbon\u00bb global_colors_info=\u00bb{}\u00bb sticky_transition=\u00bbon\u00bb]<\/p>\n<h2>Bodega Priorat<\/h2>\n<div class=\"cslider\">\n<h3>En Mussons, elaboramos vinos en el Priorat desde 1973. Actualmente, elaboramos nuestros vinos DOQ Priorat en nuestra bodega en Poboleda, donde tambi\u00e9n cultivamos nuestras vi\u00f1as.<\/h3>\n<\/div>\n<p>[\/et_pb_slide][et_pb_slide heading=\u00bbAcogedor y confortable\u00bb _builder_version=\u00bb4.14.3&#8243; _module_preset=\u00bbdefault\u00bb background_enable_color=\u00bboff\u00bb background_image=\u00bbhttps:\/\/mussons.cat\/wp-content\/uploads\/2021\/11\/facana-celler-mussons-scaled-1.jpeg\u00bb background_enable_image=\u00bbon\u00bb global_colors_info=\u00bb{}\u00bb sticky_transition=\u00bbon\u00bb]<\/p>\n<h2>Hostal en Poboleda<\/h2>\n<div class=\"cslider\">\n<h3>Un peque\u00f1o alojamiento en la entrada del pueblo de Poboleda, acogedor y con todas las comodidades. Habitaciones dobles o triples para parejas o familias, con vistas al Montsant, en el pueblo o en Les Crestes. Equipadas con aire acondicionado, calefacci\u00f3n, wifi y TV. La estancia tambi\u00e9n incluye el desayuno de la casa.<\/h3>\n<\/div>\n<p>[\/et_pb_slide][et_pb_slide heading=\u00bbTienda online\u00bb _builder_version=\u00bb4.14.3&#8243; _module_preset=\u00bbdefault\u00bb background_enable_color=\u00bboff\u00bb background_image=\u00bbhttps:\/\/mussons.cat\/wp-content\/uploads\/2021\/11\/celler-mussons-poboleda-barriques-1.jpeg\u00bb background_enable_image=\u00bbon\u00bb global_colors_info=\u00bb{}\u00bb sticky_transition=\u00bbon\u00bb]<\/p>\n<h2>Nuestros vinos<\/h2>\n<div class=\"cslider\">\n<h3>Comprar online vinos DOQ Priorat, elaborados a partir de uva seleccionada de garnacha y garnacha blanca, vendimiada en nuestras vi\u00f1as de Poboleda, justo al lado de nuestra bodega y hostal. Tambi\u00e9n producimos vermouths a partir de vinos catalanes y cava Brut Nature.<\/h3>\n<\/div>\n<p>[\/et_pb_slide][\/et_pb_fullwidth_slider][\/et_pb_section][et_pb_section fb_built=\u00bb1&#8243; _builder_version=\u00bb4.11.4&#8243; _module_preset=\u00bbdefault\u00bb global_colors_info=\u00bb{}\u00bb][et_pb_row _builder_version=\u00bb4.12.1&#8243; _module_preset=\u00bbdefault\u00bb custom_margin=\u00bb||||false|false\u00bb custom_padding=\u00bb||0px||false|false\u00bb global_colors_info=\u00bb{}\u00bb][et_pb_column type=\u00bb4_4&#8243; _builder_version=\u00bb4.11.4&#8243; _module_preset=\u00bbdefault\u00bb global_colors_info=\u00bb{}\u00bb][et_pb_text _builder_version=\u00bb4.11.4&#8243; _module_preset=\u00bbdefault\u00bb global_colors_info=\u00bb{}\u00bb]<\/p>\n<h2>Servicios<\/h2>\n<p>[\/et_pb_text][\/et_pb_column][\/et_pb_row][et_pb_row column_structure=\u00bb1_3,1_3,1_3&#8243; _builder_version=\u00bb4.11.4&#8243; _module_preset=\u00bbdefault\u00bb global_colors_info=\u00bb{}\u00bb][et_pb_column type=\u00bb1_3&#8243; _builder_version=\u00bb4.11.4&#8243; _module_preset=\u00bbdefault\u00bb global_colors_info=\u00bb{}\u00bb][et_pb_blurb title=\u00bbVisitas a la bodega y vi\u00f1as\u00bb url=\u00bb@ET-DC@eyJkeW5hbWljIjp0cnVlLCJjb250ZW50IjoicG9zdF9saW5rX3VybF9wYWdlIiwic2V0dGluZ3MiOnsicG9zdF9pZCI6IjEwMzkifX0=@\u00bb image=\u00bbhttps:\/\/mussons.cat\/wp-content\/uploads\/2021\/11\/MG_2165_Easy-Resize.com_.jpg\u00bb admin_label=\u00bbActivitats\u00bb _builder_version=\u00bb4.13.1&#8243; _dynamic_attributes=\u00bburl\u00bb _module_preset=\u00bbdefault\u00bb global_colors_info=\u00bb{}\u00bb]<\/p>\n<div class=\"service--description\">Disfruta de una experiencia \u00fanica, paseando entre vi\u00f1as de garnacha y descubriendo c\u00f3mo se transforma la uva en un fant\u00e1stico vino.<\/div>\n<p>[\/et_pb_blurb][\/et_pb_column][et_pb_column type=\u00bb1_3&#8243; _builder_version=\u00bb4.11.4&#8243; _module_preset=\u00bbdefault\u00bb global_colors_info=\u00bb{}\u00bb][et_pb_blurb title=\u00bbHostal\u00bb url=\u00bbhttps:\/\/www.restaurantmussons.com\/hostal-priorat\/\u00bb url_new_window=\u00bbon\u00bb image=\u00bbhttps:\/\/mussons.cat\/wp-content\/uploads\/2021\/11\/MG_1987_Easy-Resize.com_.jpg\u00bb admin_label=\u00bbHostal\u00bb _builder_version=\u00bb4.13.1&#8243; _module_preset=\u00bbdefault\u00bb global_colors_info=\u00bb{}\u00bb]<\/p>\n<div class=\"service--description\">Un peque\u00f1o alojamiento acogedor para disfrutar del entorno, con fabulosas vistas al paisaje del Priorat.<\/div>\n<p>[\/et_pb_blurb][\/et_pb_column][et_pb_column type=\u00bb1_3&#8243; _builder_version=\u00bb4.11.4&#8243; _module_preset=\u00bbdefault\u00bb global_colors_info=\u00bb{}\u00bb][et_pb_blurb title=\u00bbRestaurante\u00bb image=\u00bbhttps:\/\/mussons.cat\/wp-content\/uploads\/2021\/11\/MG_2092_Easy-Resize.com_.jpg\u00bb admin_label=\u00bbRESTAURANT\u00bb _builder_version=\u00bb4.13.1&#8243; _module_preset=\u00bbdefault\u00bb global_colors_info=\u00bb{}\u00bb]<\/p>\n<div class=\"service--description\">Cocina casera y tradicional del Priorat. Desayunos de cuchillo y tenedor, y comidas y cenas con productos de temporada y de proximidad.<\/div>\n<p>[\/et_pb_blurb][\/et_pb_column][\/et_pb_row][\/et_pb_section][et_pb_section fb_built=\u00bb1&#8243; module_class=\u00bbhome__venta-afilado\u00bb _builder_version=\u00bb4.11.4&#8243; _module_preset=\u00bbdefault\u00bb custom_padding=\u00bb0px||0px||false|false\u00bb global_colors_info=\u00bb{}\u00bb][et_pb_row column_structure=\u00bb1_2,1_2&#8243; use_custom_gutter=\u00bbon\u00bb gutter_width=\u00bb1&#8243; make_equal=\u00bbon\u00bb _builder_version=\u00bb4.12.1&#8243; _module_preset=\u00bbdefault\u00bb background_image=\u00bbhttps:\/\/mussons.cat\/wp-content\/uploads\/2021\/11\/MG_1930_Easy-Resize.com_.jpg\u00bb background_blend=\u00bbmultiply\u00bb width=\u00bb100%\u00bb max_width=\u00bb100%\u00bb custom_padding=\u00bb0px||0px||false|false\u00bb global_colors_info=\u00bb{}\u00bb][et_pb_column type=\u00bb1_2&#8243; _builder_version=\u00bb4.10.3&#8243; _module_preset=\u00bbdefault\u00bb background_color=\u00bbrgba(0,0,0,0.5)\u00bb global_colors_info=\u00bb{}\u00bb][et_pb_text _builder_version=\u00bb4.14.3&#8243; _module_preset=\u00bbdefault\u00bb header_text_color=\u00bb#FFFFFF\u00bb max_width=\u00bb640px\u00bb module_alignment=\u00bbcenter\u00bb custom_padding=\u00bb60px|30px||30px|false|false\u00bb global_colors_info=\u00bb{}\u00bb]<\/p>\n<h1>Mussons<br \/> La bodega del Priorat<\/h1>\n<p>[\/et_pb_text][et_pb_text _builder_version=\u00bb4.12.1&#8243; _module_preset=\u00bbdefault\u00bb text_text_color=\u00bb#FFFFFF\u00bb header_text_color=\u00bb#FFFFFF\u00bb max_width=\u00bb640px\u00bb module_alignment=\u00bbcenter\u00bb custom_padding=\u00bb15px|30px|28px|30px|false|false\u00bb global_colors_info=\u00bb{}\u00bb]<\/p>\n<div class=\"venta-afilado_content\">\n<p style=\"color:#fff; font-size:20px;\">En Mussons, elaboramos vinos en el Priorat desde 1973. Actualmente, elaboramos nuestros vinos DOQ Priorat en nuestra bodega en Poboleda, donde tambi\u00e9n cultivamos nuestras vi\u00f1as.<\/p>\n<\/div>\n<p>[\/et_pb_text][et_pb_button button_url=\u00bb@ET-DC@eyJkeW5hbWljIjp0cnVlLCJjb250ZW50IjoicG9zdF9saW5rX3VybF9wYWdlIiwic2V0dGluZ3MiOnsicG9zdF9pZCI6Ijk3In19@\u00bb button_text=\u00bbCon\u00f3cenos\u00bb _builder_version=\u00bb4.14.8&#8243; _dynamic_attributes=\u00bbbutton_url\u00bb _module_preset=\u00bb8eab1b2a-a0b2-412b-959b-1e6d5b220b5f\u00bb custom_margin=\u00bb||40px||false|false\u00bb hover_enabled=\u00bb0&#8243; button_text_color_last_edited=\u00bboff|desktop\u00bb global_colors_info=\u00bb{}\u00bb button_text_color__hover_enabled=\u00bbon|hover\u00bb button_text_color__hover=\u00bb#e39a31&#8243; button_alignment=\u00bbcenter\u00bb sticky_enabled=\u00bb0&#8243;][\/et_pb_button][\/et_pb_column][et_pb_column type=\u00bb1_2&#8243; _builder_version=\u00bb4.10.3&#8243; _module_preset=\u00bbdefault\u00bb global_colors_info=\u00bb{}\u00bb][\/et_pb_column][\/et_pb_row][\/et_pb_section][et_pb_section fb_built=\u00bb1&#8243; _builder_version=\u00bb4.11.4&#8243; _module_preset=\u00bbdefault\u00bb global_colors_info=\u00bb{}\u00bb][et_pb_row _builder_version=\u00bb4.11.4&#8243; _module_preset=\u00bbdefault\u00bb global_colors_info=\u00bb{}\u00bb][et_pb_column type=\u00bb4_4&#8243; _builder_version=\u00bb4.11.4&#8243; _module_preset=\u00bbdefault\u00bb global_colors_info=\u00bb{}\u00bb][et_pb_text _builder_version=\u00bb4.13.1&#8243; _module_preset=\u00bbdefault\u00bb global_colors_info=\u00bb{}\u00bb]<\/p>\n<h2>TIENDA ONLINE<\/h2>\n<p>[\/et_pb_text][et_pb_shop type=\u00bbproduct_category\u00bb posts_number=\u00bb4&#8243; include_categories=\u00bb15,23,22,21&#8243; columns_number=\u00bb4&#8243; _builder_version=\u00bb4.14.3&#8243; _module_preset=\u00bbdefault\u00bb global_colors_info=\u00bb{}\u00bb][\/et_pb_shop][\/et_pb_column][\/et_pb_row][\/et_pb_section]<\/p>\n","protected":false},"excerpt":{"rendered":"<p>Bodega Priorat En Mussons, elaboramos vinos en el Priorat desde 1973. Actualmente, elaboramos nuestros vinos DOQ Priorat en nuestra bodega en Poboleda, donde tambi\u00e9n cultivamos nuestras vi\u00f1as. Hostal en Poboleda Un peque\u00f1o alojamiento en la entrada del pueblo de Poboleda, acogedor y con todas las comodidades. Habitaciones dobles o triples para parejas o familias, con [&hellip;]<\/p>\n","protected":false},"author":1,"featured_media":0,"parent":0,"menu_order":0,"comment_status":"closed","ping_status":"closed","template":"","meta":{"_et_pb_use_builder":"on","_et_pb_old_content":"","_et_gb_content_width":"","footnotes":""},"class_list":["post-1507","page","type-page","status-publish","hentry"],"yoast_head":"<!-- This site is optimized with the Yoast SEO plugin v27.4 - https:\/\/yoast.com\/product\/yoast-seo-wordpress\/ -->\n<title>Home - Mussons<\/title>\n<meta name=\"robots\" content=\"index, follow, max-snippet:-1, max-image-preview:large, max-video-preview:-1\" \/>\n<link rel=\"canonical\" href=\"https:\/\/mussons.cat\/\" \/>\n<meta property=\"og:locale\" content=\"es_ES\" \/>\n<meta property=\"og:type\" content=\"article\" \/>\n<meta property=\"og:title\" content=\"Home - Mussons\" \/>\n<meta property=\"og:description\" content=\"Bodega Priorat En Mussons, elaboramos vinos en el Priorat desde 1973. Actualmente, elaboramos nuestros vinos DOQ Priorat en nuestra bodega en Poboleda, donde tambi\u00e9n cultivamos nuestras vi\u00f1as. Hostal en Poboleda Un peque\u00f1o alojamiento en la entrada del pueblo de Poboleda, acogedor y con todas las comodidades. Habitaciones dobles o triples para parejas o familias, con [&hellip;]\" \/>\n<meta property=\"og:url\" content=\"https:\/\/mussons.cat\/\" \/>\n<meta property=\"og:site_name\" content=\"Mussons\" \/>\n<meta property=\"article:publisher\" content=\"https:\/\/www.facebook.com\/mussons.vins\" \/>\n<meta property=\"article:modified_time\" content=\"2022-04-27T15:21:58+00:00\" \/>\n<meta name=\"twitter:card\" content=\"summary_large_image\" \/>\n<meta name=\"twitter:label1\" content=\"Tiempo de lectura\" \/>\n\t<meta name=\"twitter:data1\" content=\"5 minutos\" \/>\n<script type=\"application\/ld+json\" class=\"yoast-schema-graph\">{\"@context\":\"https:\\\/\\\/schema.org\",\"@graph\":[{\"@type\":\"WebPage\",\"@id\":\"https:\\\/\\\/mussons.cat\\\/\",\"url\":\"https:\\\/\\\/mussons.cat\\\/\",\"name\":\"Home - Mussons\",\"isPartOf\":{\"@id\":\"https:\\\/\\\/mussons.cat\\\/#website\"},\"datePublished\":\"2022-04-27T15:21:56+00:00\",\"dateModified\":\"2022-04-27T15:21:58+00:00\",\"breadcrumb\":{\"@id\":\"https:\\\/\\\/mussons.cat\\\/#breadcrumb\"},\"inLanguage\":\"es\",\"potentialAction\":[{\"@type\":\"ReadAction\",\"target\":[\"https:\\\/\\\/mussons.cat\\\/\"]}]},{\"@type\":\"BreadcrumbList\",\"@id\":\"https:\\\/\\\/mussons.cat\\\/#breadcrumb\",\"itemListElement\":[{\"@type\":\"ListItem\",\"position\":1,\"name\":\"Inici\",\"item\":\"https:\\\/\\\/mussons.cat\\\/\"},{\"@type\":\"ListItem\",\"position\":2,\"name\":\"Home\"}]},{\"@type\":\"WebSite\",\"@id\":\"https:\\\/\\\/mussons.cat\\\/#website\",\"url\":\"https:\\\/\\\/mussons.cat\\\/\",\"name\":\"Mussons\",\"description\":\"El celler del Priorat\",\"publisher\":{\"@id\":\"https:\\\/\\\/mussons.cat\\\/#organization\"},\"potentialAction\":[{\"@type\":\"SearchAction\",\"target\":{\"@type\":\"EntryPoint\",\"urlTemplate\":\"https:\\\/\\\/mussons.cat\\\/?s={search_term_string}\"},\"query-input\":{\"@type\":\"PropertyValueSpecification\",\"valueRequired\":true,\"valueName\":\"search_term_string\"}}],\"inLanguage\":\"es\"},{\"@type\":\"Organization\",\"@id\":\"https:\\\/\\\/mussons.cat\\\/#organization\",\"name\":\"Mussons\",\"url\":\"https:\\\/\\\/mussons.cat\\\/\",\"logo\":{\"@type\":\"ImageObject\",\"inLanguage\":\"es\",\"@id\":\"https:\\\/\\\/mussons.cat\\\/#\\\/schema\\\/logo\\\/image\\\/\",\"url\":\"https:\\\/\\\/mussons.cat\\\/wp-content\\\/uploads\\\/2021\\\/11\\\/logo.jpg\",\"contentUrl\":\"https:\\\/\\\/mussons.cat\\\/wp-content\\\/uploads\\\/2021\\\/11\\\/logo.jpg\",\"width\":200,\"height\":200,\"caption\":\"Mussons\"},\"image\":{\"@id\":\"https:\\\/\\\/mussons.cat\\\/#\\\/schema\\\/logo\\\/image\\\/\"},\"sameAs\":[\"https:\\\/\\\/www.facebook.com\\\/mussons.vins\",\"https:\\\/\\\/www.instagram.com\\\/mussonsvins\\\/\"]}]}<\/script>\n<!-- \/ Yoast SEO plugin. -->","yoast_head_json":{"title":"Home - Mussons","robots":{"index":"index","follow":"follow","max-snippet":"max-snippet:-1","max-image-preview":"max-image-preview:large","max-video-preview":"max-video-preview:-1"},"canonical":"https:\/\/mussons.cat\/","og_locale":"es_ES","og_type":"article","og_title":"Home - Mussons","og_description":"Bodega Priorat En Mussons, elaboramos vinos en el Priorat desde 1973. Actualmente, elaboramos nuestros vinos DOQ Priorat en nuestra bodega en Poboleda, donde tambi\u00e9n cultivamos nuestras vi\u00f1as. Hostal en Poboleda Un peque\u00f1o alojamiento en la entrada del pueblo de Poboleda, acogedor y con todas las comodidades. Habitaciones dobles o triples para parejas o familias, con [&hellip;]","og_url":"https:\/\/mussons.cat\/","og_site_name":"Mussons","article_publisher":"https:\/\/www.facebook.com\/mussons.vins","article_modified_time":"2022-04-27T15:21:58+00:00","twitter_card":"summary_large_image","twitter_misc":{"Tiempo de lectura":"5 minutos"},"schema":{"@context":"https:\/\/schema.org","@graph":[{"@type":"WebPage","@id":"https:\/\/mussons.cat\/","url":"https:\/\/mussons.cat\/","name":"Home - Mussons","isPartOf":{"@id":"https:\/\/mussons.cat\/#website"},"datePublished":"2022-04-27T15:21:56+00:00","dateModified":"2022-04-27T15:21:58+00:00","breadcrumb":{"@id":"https:\/\/mussons.cat\/#breadcrumb"},"inLanguage":"es","potentialAction":[{"@type":"ReadAction","target":["https:\/\/mussons.cat\/"]}]},{"@type":"BreadcrumbList","@id":"https:\/\/mussons.cat\/#breadcrumb","itemListElement":[{"@type":"ListItem","position":1,"name":"Inici","item":"https:\/\/mussons.cat\/"},{"@type":"ListItem","position":2,"name":"Home"}]},{"@type":"WebSite","@id":"https:\/\/mussons.cat\/#website","url":"https:\/\/mussons.cat\/","name":"Mussons","description":"El celler del Priorat","publisher":{"@id":"https:\/\/mussons.cat\/#organization"},"potentialAction":[{"@type":"SearchAction","target":{"@type":"EntryPoint","urlTemplate":"https:\/\/mussons.cat\/?s={search_term_string}"},"query-input":{"@type":"PropertyValueSpecification","valueRequired":true,"valueName":"search_term_string"}}],"inLanguage":"es"},{"@type":"Organization","@id":"https:\/\/mussons.cat\/#organization","name":"Mussons","url":"https:\/\/mussons.cat\/","logo":{"@type":"ImageObject","inLanguage":"es","@id":"https:\/\/mussons.cat\/#\/schema\/logo\/image\/","url":"https:\/\/mussons.cat\/wp-content\/uploads\/2021\/11\/logo.jpg","contentUrl":"https:\/\/mussons.cat\/wp-content\/uploads\/2021\/11\/logo.jpg","width":200,"height":200,"caption":"Mussons"},"image":{"@id":"https:\/\/mussons.cat\/#\/schema\/logo\/image\/"},"sameAs":["https:\/\/www.facebook.com\/mussons.vins","https:\/\/www.instagram.com\/mussonsvins\/"]}]}},"_links":{"self":[{"href":"https:\/\/mussons.cat\/es\/wp-json\/wp\/v2\/pages\/1507","targetHints":{"allow":["GET"]}}],"collection":[{"href":"https:\/\/mussons.cat\/es\/wp-json\/wp\/v2\/pages"}],"about":[{"href":"https:\/\/mussons.cat\/es\/wp-json\/wp\/v2\/types\/page"}],"author":[{"embeddable":true,"href":"https:\/\/mussons.cat\/es\/wp-json\/wp\/v2\/users\/1"}],"replies":[{"embeddable":true,"href":"https:\/\/mussons.cat\/es\/wp-json\/wp\/v2\/comments?post=1507"}],"version-history":[{"count":2,"href":"https:\/\/mussons.cat\/es\/wp-json\/wp\/v2\/pages\/1507\/revisions"}],"predecessor-version":[{"id":1509,"href":"https:\/\/mussons.cat\/es\/wp-json\/wp\/v2\/pages\/1507\/revisions\/1509"}],"wp:attachment":[{"href":"https:\/\/mussons.cat\/es\/wp-json\/wp\/v2\/media?parent=1507"}],"curies":[{"name":"wp","href":"https:\/\/api.w.org\/{rel}","templated":true}]}}