{"id":1517,"date":"2022-04-27T17:40:50","date_gmt":"2022-04-27T15:40:50","guid":{"rendered":"https:\/\/mussons.cat\/entorno\/"},"modified":"2022-04-27T17:40:52","modified_gmt":"2022-04-27T15:40:52","slug":"entorno","status":"publish","type":"page","link":"https:\/\/mussons.cat\/es\/entorno\/","title":{"rendered":"ENTORNO"},"content":{"rendered":"<p>[et_pb_section fb_built=\u00bb1&#8243; admin_label=\u00bbPRIORAT ENTORN\u00bb _builder_version=\u00bb4.13.1&#8243; _module_preset=\u00bbdefault\u00bb background_image=\u00bbhttps:\/\/mussons.cat\/wp-content\/uploads\/2021\/11\/1-vin\u0303edos-mussons-poboleda.jpeg\u00bb global_colors_info=\u00bb{}\u00bb][et_pb_row admin_label=\u00bbPRIORAT ENTORN\u00bb _builder_version=\u00bb4.13.1&#8243; _module_preset=\u00bbdefault\u00bb custom_margin=\u00bb45px||30px||false|false\u00bb global_colors_info=\u00bb{}\u00bb][et_pb_column type=\u00bb4_4&#8243; _builder_version=\u00bb4.11.4&#8243; _module_preset=\u00bbdefault\u00bb global_colors_info=\u00bb{}\u00bb][et_pb_text _builder_version=\u00bb4.13.1&#8243; _module_preset=\u00bbdefault\u00bb global_colors_info=\u00bb{}\u00bb]<\/p>\n<h2 style=\"color: #ffffff; text-align: center;\">PRIORAT<\/h2>\n<h1 style=\"text-align: center;\">ENTORNO<br \/>\n<\/h1>\n<div style=\"max-width:550px; margin:0 auto;\">\n<h3 style=\"color: #ffffff; text-align: center;\">En medio del Priorat, junto al r\u00edo Siurana y con el Montsant de fondo. Costeros de pizarra que sujetan las vi\u00f1as entre revueltas de caminos. El paisaje del Priorat es duro y descarnado, pero a la vez, es m\u00e1gico y sorprendente. Quiz\u00e1s es lo que atrajo los monjes de Scala Dei y ubicaron la Cartuja en este entorno m\u00edstico. www.turismepriorat.org<\/h3>\n<\/div>\n<p>[\/et_pb_text][\/et_pb_column][\/et_pb_row][\/et_pb_section][et_pb_section fb_built=\u00bb1&#8243; admin_label=\u00bbDOQ PRIORAT\u00bb _builder_version=\u00bb4.14.3&#8243; _module_preset=\u00bbdefault\u00bb background_enable_image=\u00bboff\u00bb global_colors_info=\u00bb{}\u00bb][et_pb_row admin_label=\u00bbDOQ PRIORAT\u00bb _builder_version=\u00bb4.14.4&#8243; _module_preset=\u00bbdefault\u00bb custom_margin=\u00bb45px||0px||false|false\u00bb global_colors_info=\u00bb{}\u00bb][et_pb_column type=\u00bb4_4&#8243; _builder_version=\u00bb4.11.4&#8243; _module_preset=\u00bbdefault\u00bb global_colors_info=\u00bb{}\u00bb][et_pb_text _builder_version=\u00bb4.14.4&#8243; _module_preset=\u00bbdefault\u00bb global_colors_info=\u00bb{}\u00bb]<\/p>\n<h2 style=\"text-align: center;\"><strong>DOQ<\/strong><\/h2>\n<h3 style=\"text-align: center; \">PRIORAT<\/h3>\n<div style=\"max-width: 950px; margin: 0 auto;\">\n<p style=\"text-align: center;\">En el siglo XII, los monjes cartujos llevaron los conocimientos y t\u00e9cnicas de la viticultura desde la Provenza. Desde entonces y desde los pies de la sierra del Montsant, se han ubicado pueblos que han ido siguiendo la tradici\u00f3n vitivin\u00edcola hasta nuestros tiempos, entre costeros y barrancos. A partir de esta tradici\u00f3n y de estos pueblos, se cre\u00f3 la DOQ Priorat, formada por las localidades de Bellmunt del Priorat, Gratallops, el Lloar, la Morera de Montsant, Porrera, Poboleda, Scala Dei, Torroja del Priorat, la Vilella Alta y la Vilella Baixa y las zonas de Masos de Falset y las Solanas del Molar. Durante todo el a\u00f1o, estos pueblos celebran diferentes fiestas y actividades relacionadas con el mundo del vino y la viticultura. Pod\u00e9is encontrar informaci\u00f3n de estas actividades en www.doqpriorat.org<\/p>\n<\/div>\n<p>[\/et_pb_text][\/et_pb_column][\/et_pb_row][et_pb_row column_structure=\u00bb1_5,3_5,1_5&#8243; _builder_version=\u00bb4.14.3&#8243; _module_preset=\u00bbdefault\u00bb global_colors_info=\u00bb{}\u00bb][et_pb_column type=\u00bb1_5&#8243; _builder_version=\u00bb4.14.3&#8243; _module_preset=\u00bbdefault\u00bb global_colors_info=\u00bb{}\u00bb][\/et_pb_column][et_pb_column type=\u00bb3_5&#8243; _builder_version=\u00bb4.14.3&#8243; _module_preset=\u00bbdefault\u00bb global_colors_info=\u00bb{}\u00bb][et_pb_image src=\u00bbhttps:\/\/mussons.cat\/wp-content\/uploads\/2021\/11\/2-vin\u0303edos-mussons-priorat.jpeg\u00bb title_text=\u00bb_MG_3457&#8243; _builder_version=\u00bb4.14.4&#8243; _module_preset=\u00bbdefault\u00bb global_colors_info=\u00bb{}\u00bb][\/et_pb_image][\/et_pb_column][et_pb_column type=\u00bb1_5&#8243; _builder_version=\u00bb4.14.3&#8243; _module_preset=\u00bbdefault\u00bb global_colors_info=\u00bb{}\u00bb][\/et_pb_column][\/et_pb_row][\/et_pb_section][et_pb_section fb_built=\u00bb1&#8243; disabled_on=\u00bbon|on|on\u00bb admin_label=\u00bbDOQ PRIORAT\u00bb _builder_version=\u00bb4.13.1&#8243; _module_preset=\u00bbdefault\u00bb background_image=\u00bbhttps:\/\/mussons.cat\/wp-content\/uploads\/2021\/11\/2-vin\u0303edos-mussons-priorat.jpeg\u00bb disabled=\u00bbon\u00bb global_colors_info=\u00bb{}\u00bb][et_pb_row admin_label=\u00bbDOQ PRIORAT\u00bb _builder_version=\u00bb4.13.1&#8243; _module_preset=\u00bbdefault\u00bb custom_margin=\u00bb45px||45px||false|false\u00bb global_colors_info=\u00bb{}\u00bb][et_pb_column type=\u00bb4_4&#8243; _builder_version=\u00bb4.11.4&#8243; _module_preset=\u00bbdefault\u00bb global_colors_info=\u00bb{}\u00bb][et_pb_text _builder_version=\u00bb4.13.1&#8243; _module_preset=\u00bbdefault\u00bb global_colors_info=\u00bb{}\u00bb]<\/p>\n<h2 style=\"color: #ffffff; text-align: center;\">DOQ<\/h2>\n<h2 class=\"entorn\" style=\"text-align: center;\">PRIORAT<\/h1>\n<div style=\"max-width:650px; margin:0 auto;\">\n<h3 style=\"color: #ffffff; text-align: center;\">En el siglo XII, los monjes cartujos llevaron los conocimientos y t\u00e9cnicas de la viticultura desde la Provenza. Desde entonces y desde los pies de la sierra del Montsant, se han ubicado pueblos que han ido siguiendo la tradici\u00f3n vitivin\u00edcola hasta nuestros tiempos, entre costeros y barrancos. A partir de esta tradici\u00f3n y de estos pueblos, se cre\u00f3 la DOQ Priorat, formada por las localidades de Bellmunt del Priorat, Gratallops, el Lloar, la Morera de Montsant, Porrera, Poboleda, Scala Dei, Torroja del Priorat, la Vilella Alta y la Vilella Baixa y las zonas de Masos de Falset y las Solanas del Molar. Durante todo el a\u00f1o, estos pueblos celebran diferentes fiestas y actividades relacionadas con el mundo del vino y la viticultura. Pod\u00e9is encontrar informaci\u00f3n de estas actividades en www.doqpriorat.org<\/h3>\n<\/div>\n<p>[\/et_pb_text][\/et_pb_column][\/et_pb_row][\/et_pb_section][et_pb_section fb_built=\u00bb1&#8243; admin_label=\u00bbPARC NATURAL MONTSANT\u00bb _builder_version=\u00bb4.13.1&#8243; _module_preset=\u00bbdefault\u00bb background_image=\u00bbhttps:\/\/mussons.cat\/wp-content\/uploads\/2021\/11\/3-vinyes-celler-mussons-poboleda-montsant.jpeg\u00bb global_colors_info=\u00bb{}\u00bb][et_pb_row admin_label=\u00bbPARC NATURAL MONTSANT\u00bb _builder_version=\u00bb4.13.1&#8243; _module_preset=\u00bbdefault\u00bb custom_margin=\u00bb45px||45px||false|false\u00bb global_colors_info=\u00bb{}\u00bb][et_pb_column type=\u00bb4_4&#8243; _builder_version=\u00bb4.11.4&#8243; _module_preset=\u00bbdefault\u00bb global_colors_info=\u00bb{}\u00bb][et_pb_text _builder_version=\u00bb4.13.1&#8243; _module_preset=\u00bbdefault\u00bb global_colors_info=\u00bb{}\u00bb]<\/p>\n<h2 style=\"color: #ffffff; text-align: center;\">PARQUE NATURAL<\/h2>\n<h2 class=\"entorn\" style=\"text-align: center;\">MONTSANT<\/h1>\n<div style=\"max-width:650px; margin:0 auto;\">\n<h3 style=\"color: #ffffff; text-align: center;\">Los grandes bloques de piedra abruptas, los barrancos, los riscos y los desfiladeros son los que crean este paisaje tan singular y cautivador. Desde hace muchos siglos, la gente del Priorat y del Montsant ha ido creando caminos y pasos para acceder a su interior. Ahora, podemos disfrutar de todos estos lugares a trav\u00e9s de una red de itinerarios que nos ofrece el Parque Natural de la Sierra del Montsant.<\/h3>\n<\/div>\n<p>[\/et_pb_text][\/et_pb_column][\/et_pb_row][\/et_pb_section][et_pb_section fb_built=\u00bb1&#8243; admin_label=\u00bbPRIORAT I MONTSANT POBOLEDA\u00bb _builder_version=\u00bb4.14.4&#8243; _module_preset=\u00bbdefault\u00bb background_enable_image=\u00bboff\u00bb global_colors_info=\u00bb{}\u00bb][et_pb_row admin_label=\u00bbPRIORAT I MONTSANT POBOLEDA\u00bb _builder_version=\u00bb4.14.4&#8243; _module_preset=\u00bbdefault\u00bb custom_margin=\u00bb45px||0px||false|false\u00bb hover_enabled=\u00bb0&#8243; global_colors_info=\u00bb{}\u00bb sticky_enabled=\u00bb0&#8243;][et_pb_column type=\u00bb4_4&#8243; _builder_version=\u00bb4.11.4&#8243; _module_preset=\u00bbdefault\u00bb global_colors_info=\u00bb{}\u00bb][et_pb_text _builder_version=\u00bb4.14.4&#8243; _module_preset=\u00bbdefault\u00bb global_colors_info=\u00bb{}\u00bb]<\/p>\n<h2 style=\"text-align: center;\"><strong>PRIORAT Y MONTSANT<\/strong><\/h2>\n<h3  style=\"text-align: center;\">POBOLEDA<\/h3>\n<div style=\"max-width:950px; margin:0 auto;\">\n<p style=\" text-align: center;\">Poboleda est\u00e1 situada en un lado del r\u00edo Siurana, a los pies del macizo del Montsant y la Cartuja de Scala Dei. Fue fundada hacia el a\u00f1o 1170 por ermita\u00f1os del Montsant, y se convirti\u00f3 en el origen de la comunidad de Scala Dei. Pod\u00e9is encontrar, junto al r\u00edo, el Molino de los Frailes, del siglo XVIII, antiguamente propiedad de la Cartuja. Tambi\u00e9n encontrar\u00e9is la Casa de los Frailes en la calle Mayor y la iglesia de Sant Pere del siglo XVIII. En Poboleda, se celebra la fiesta mayor los d\u00edas 4, 5 y 6 de agosto en honor a Sant Pere y a Sant Dom\u00e8nec de Guzm\u00e1n. En Semana Santa, se organiza la muestra Poboleda Vins, en la que participan las bodegas del pueblo. El segundo s\u00e1bado de septiembre se celebra la Festa del Vi i la Verema a l\u2019Antiga.<\/p>\n<\/div>\n<p>[\/et_pb_text][\/et_pb_column][\/et_pb_row][et_pb_row column_structure=\u00bb1_5,3_5,1_5&#8243; _builder_version=\u00bb4.14.4&#8243; _module_preset=\u00bbdefault\u00bb global_colors_info=\u00bb{}\u00bb][et_pb_column type=\u00bb1_5&#8243; _builder_version=\u00bb4.14.4&#8243; _module_preset=\u00bbdefault\u00bb global_colors_info=\u00bb{}\u00bb][\/et_pb_column][et_pb_column type=\u00bb3_5&#8243; _builder_version=\u00bb4.14.4&#8243; _module_preset=\u00bbdefault\u00bb global_colors_info=\u00bb{}\u00bb][et_pb_image src=\u00bbhttps:\/\/mussons.cat\/wp-content\/uploads\/2021\/11\/poboleda-priorat-celler.jpeg\u00bb title_text=\u00bbpoboleda-priorat-celler\u00bb _builder_version=\u00bb4.14.4&#8243; _module_preset=\u00bbdefault\u00bb global_colors_info=\u00bb{}\u00bb][\/et_pb_image][\/et_pb_column][et_pb_column type=\u00bb1_5&#8243; _builder_version=\u00bb4.14.4&#8243; _module_preset=\u00bbdefault\u00bb global_colors_info=\u00bb{}\u00bb][\/et_pb_column][\/et_pb_row][\/et_pb_section][et_pb_section fb_built=\u00bb1&#8243; disabled_on=\u00bbon|on|on\u00bb admin_label=\u00bbPRIORAT I MONTSANT POBOLEDA\u00bb _builder_version=\u00bb4.13.1&#8243; _module_preset=\u00bbdefault\u00bb background_image=\u00bbhttps:\/\/mussons.cat\/wp-content\/uploads\/2021\/11\/poboleda-priorat-celler.jpeg\u00bb disabled=\u00bbon\u00bb global_colors_info=\u00bb{}\u00bb][et_pb_row admin_label=\u00bbPRIORAT I MONTSANT POBOLEDA\u00bb _builder_version=\u00bb4.13.1&#8243; _module_preset=\u00bbdefault\u00bb custom_margin=\u00bb45px||45px||false|false\u00bb global_colors_info=\u00bb{}\u00bb][et_pb_column type=\u00bb4_4&#8243; _builder_version=\u00bb4.11.4&#8243; _module_preset=\u00bbdefault\u00bb global_colors_info=\u00bb{}\u00bb][et_pb_text _builder_version=\u00bb4.13.1&#8243; _module_preset=\u00bbdefault\u00bb global_colors_info=\u00bb{}\u00bb]<\/p>\n<h2 style=\"color: #ffffff; text-align: center;\">PRIORAT I MONTSANT<\/h2>\n<h2 class=\"entorn\" style=\"text-align: center;\">POBOLEDA<\/h1>\n<div style=\"max-width:650px; margin:0 auto;\">\n<h3 style=\"color: #ffffff; text-align: center;\">Poboleda est\u00e1 situada en un lado del r\u00edo Siurana, a los pies del macizo del Montsant y la Cartuja de Scala Dei. Fue fundada hacia el a\u00f1o 1170 por ermita\u00f1os del Montsant, y se convirti\u00f3 en el origen de la comunidad de Scala Dei. Pod\u00e9is encontrar, junto al r\u00edo, el Molino de los Frailes, del siglo XVIII, antiguamente propiedad de la Cartuja. Tambi\u00e9n encontrar\u00e9is la Casa de los Frailes en la calle Mayor y la iglesia de Sant Pere del siglo XVIII. En Poboleda, se celebra la fiesta mayor los d\u00edas 4, 5 y 6 de agosto en honor a Sant Pere y a Sant Dom\u00e8nec de Guzm\u00e1n. En Semana Santa, se organiza la muestra Poboleda Vins, en la que participan las bodegas del pueblo. El segundo s\u00e1bado de septiembre se celebra la Festa del Vi i la Verema a l\u2019Antiga<\/h3>\n<\/div>\n<p>[\/et_pb_text][\/et_pb_column][\/et_pb_row][\/et_pb_section][et_pb_section fb_built=\u00bb1&#8243; admin_label=\u00bbLinks d\u2019Inter\u00e8s\u00bb _builder_version=\u00bb4.14.4&#8243; _module_preset=\u00bbdefault\u00bb background_image=\u00bbhttps:\/\/mussons.cat\/wp-content\/uploads\/2021\/11\/182-Priorat-1.jpg\u00bb global_colors_info=\u00bb{}\u00bb][et_pb_row admin_label=\u00bbLinks d\u2019Inter\u00e8s\u00bb _builder_version=\u00bb4.13.1&#8243; _module_preset=\u00bbdefault\u00bb custom_margin=\u00bb45px||45px||false|false\u00bb global_colors_info=\u00bb{}\u00bb][et_pb_column type=\u00bb4_4&#8243; _builder_version=\u00bb4.11.4&#8243; _module_preset=\u00bbdefault\u00bb global_colors_info=\u00bb{}\u00bb][et_pb_text _builder_version=\u00bb4.14.4&#8243; _module_preset=\u00bbdefault\u00bb global_colors_info=\u00bb{}\u00bb]<\/p>\n<h2 style=\"text-align: center; color:#fff;\"><strong>LINKS<\/strong><\/h2>\n<h3 style=\"text-align: center; color:#fff;\">DE INTER\u00c9S<\/h3>\n<div style=\"max-width:650px; margin:0 auto; text-align:center;\">\n<p style=\"text-align: center; color:#fff;\">Durante todo el a\u00f1o, estos pueblos desarrollan diferentes fiestas y actividades relacionadas con el mundo del vino y la viticultura.<\/p>\n<ul  style=\"margin-top:20px; list-style: none;\" >\n<li><a style=\"color:#fff;\" href=\"https:\/\/www.turismepriorat.org\">https:\/\/www.turismepriorat.org<\/a><\/li>\n<li><a  style=\"color:#fff;\" href=\"https:\/\/www.doqpriorat.org\">https:\/\/www.doqpriorat.org<\/a><\/li>\n<\/ul>\n<\/div>\n<p>[\/et_pb_text][\/et_pb_column][\/et_pb_row][\/et_pb_section][et_pb_section fb_built=\u00bb1&#8243; disabled_on=\u00bbon|on|on\u00bb admin_label=\u00bbLinks d\u2019Inter\u00e8s\u00bb _builder_version=\u00bb4.13.1&#8243; _module_preset=\u00bbdefault\u00bb background_image=\u00bbhttps:\/\/mussons.cat\/wp-content\/uploads\/2021\/11\/DSC00072_Easy-Resize.com_.jpg\u00bb disabled=\u00bbon\u00bb global_colors_info=\u00bb{}\u00bb][et_pb_row admin_label=\u00bbLinks d\u2019Inter\u00e8s\u00bb _builder_version=\u00bb4.13.1&#8243; _module_preset=\u00bbdefault\u00bb custom_margin=\u00bb45px||45px||false|false\u00bb global_colors_info=\u00bb{}\u00bb][et_pb_column type=\u00bb4_4&#8243; _builder_version=\u00bb4.11.4&#8243; _module_preset=\u00bbdefault\u00bb global_colors_info=\u00bb{}\u00bb][et_pb_text _builder_version=\u00bb4.13.1&#8243; _module_preset=\u00bbdefault\u00bb global_colors_info=\u00bb{}\u00bb]<\/p>\n<h2 style=\"color: #ffffff; text-align: center;\">LINKS<\/h2>\n<h2 class=\"entorn\" style=\"text-align: center;\">DE INTER\u00c9S<\/h1>\n<div style=\"max-width:650px; margin:0 auto;\">\n<h3 style=\"color: #ffffff; text-align: center;\">Durante todo el a\u00f1o, estos pueblos desarrollan diferentes fiestas y actividades relacionadas con el mundo del vino y la viticultura.<\/p>\n<ul  style=\"margin-top:20px;\" >\n<li><a style=\"color:#fff;\" href=\"https:\/\/www.turismepriorat.org\">turismepriorat.org<\/a><\/li>\n<li><a  style=\"color:#fff;\" href=\"https:\/\/www.doqpriorat.org\">doqpriorat.org<\/a><\/li>\n<\/ul>\n<\/h3>\n<\/div>\n<p>[\/et_pb_text][\/et_pb_column][\/et_pb_row][\/et_pb_section][et_pb_section fb_built=\u00bb1&#8243; fullwidth=\u00bbon\u00bb disabled_on=\u00bbon|on|on\u00bb _builder_version=\u00bb4.12.1&#8243; _module_preset=\u00bbdefault\u00bb disabled=\u00bbon\u00bb global_colors_info=\u00bb{}\u00bb][et_pb_fullwidth_image src=\u00bbhttps:\/\/mussons.cat\/wp-content\/uploads\/2021\/11\/182-Priorat-1.jpg\u00bb title_text=\u00bb182-Priorat (1)\u00bb _builder_version=\u00bb4.13.1&#8243; _module_preset=\u00bbdefault\u00bb global_colors_info=\u00bb{}\u00bb][\/et_pb_fullwidth_image][\/et_pb_section]<\/p>\n","protected":false},"excerpt":{"rendered":"<p>PRIORAT ENTORNO En medio del Priorat, junto al r\u00edo Siurana y con el Montsant de fondo. Costeros de pizarra que sujetan las vi\u00f1as entre revueltas de caminos. El paisaje del Priorat es duro y descarnado, pero a la vez, es m\u00e1gico y sorprendente. Quiz\u00e1s es lo que atrajo los monjes de Scala Dei y ubicaron [&hellip;]<\/p>\n","protected":false},"author":1,"featured_media":0,"parent":0,"menu_order":0,"comment_status":"closed","ping_status":"closed","template":"","meta":{"_et_pb_use_builder":"on","_et_pb_old_content":"","_et_gb_content_width":"","footnotes":""},"class_list":["post-1517","page","type-page","status-publish","hentry"],"yoast_head":"<!-- This site is optimized with the Yoast SEO plugin v27.4 - https:\/\/yoast.com\/product\/yoast-seo-wordpress\/ -->\n<title>ENTORNO - Mussons<\/title>\n<meta name=\"robots\" content=\"index, follow, max-snippet:-1, max-image-preview:large, max-video-preview:-1\" \/>\n<link rel=\"canonical\" href=\"https:\/\/mussons.cat\/lentorn\/\" \/>\n<meta property=\"og:locale\" content=\"es_ES\" \/>\n<meta property=\"og:type\" content=\"article\" \/>\n<meta property=\"og:title\" content=\"ENTORNO - Mussons\" \/>\n<meta property=\"og:description\" content=\"PRIORAT ENTORNO En medio del Priorat, junto al r\u00edo Siurana y con el Montsant de fondo. Costeros de pizarra que sujetan las vi\u00f1as entre revueltas de caminos. El paisaje del Priorat es duro y descarnado, pero a la vez, es m\u00e1gico y sorprendente. Quiz\u00e1s es lo que atrajo los monjes de Scala Dei y ubicaron [&hellip;]\" \/>\n<meta property=\"og:url\" content=\"https:\/\/mussons.cat\/lentorn\/\" \/>\n<meta property=\"og:site_name\" content=\"Mussons\" \/>\n<meta property=\"article:publisher\" content=\"https:\/\/www.facebook.com\/mussons.vins\" \/>\n<meta property=\"article:modified_time\" content=\"2022-04-27T15:40:52+00:00\" \/>\n<meta name=\"twitter:card\" content=\"summary_large_image\" \/>\n<meta name=\"twitter:label1\" content=\"Tiempo de lectura\" \/>\n\t<meta name=\"twitter:data1\" content=\"9 minutos\" \/>\n<script type=\"application\/ld+json\" class=\"yoast-schema-graph\">{\"@context\":\"https:\\\/\\\/schema.org\",\"@graph\":[{\"@type\":\"WebPage\",\"@id\":\"https:\\\/\\\/mussons.cat\\\/lentorn\\\/\",\"url\":\"https:\\\/\\\/mussons.cat\\\/lentorn\\\/\",\"name\":\"ENTORNO - Mussons\",\"isPartOf\":{\"@id\":\"https:\\\/\\\/mussons.cat\\\/#website\"},\"datePublished\":\"2022-04-27T15:40:50+00:00\",\"dateModified\":\"2022-04-27T15:40:52+00:00\",\"breadcrumb\":{\"@id\":\"https:\\\/\\\/mussons.cat\\\/lentorn\\\/#breadcrumb\"},\"inLanguage\":\"es\",\"potentialAction\":[{\"@type\":\"ReadAction\",\"target\":[\"https:\\\/\\\/mussons.cat\\\/lentorn\\\/\"]}]},{\"@type\":\"BreadcrumbList\",\"@id\":\"https:\\\/\\\/mussons.cat\\\/lentorn\\\/#breadcrumb\",\"itemListElement\":[{\"@type\":\"ListItem\",\"position\":1,\"name\":\"Inici\",\"item\":\"https:\\\/\\\/mussons.cat\\\/\"},{\"@type\":\"ListItem\",\"position\":2,\"name\":\"ENTORNO\"}]},{\"@type\":\"WebSite\",\"@id\":\"https:\\\/\\\/mussons.cat\\\/#website\",\"url\":\"https:\\\/\\\/mussons.cat\\\/\",\"name\":\"Mussons\",\"description\":\"El celler del Priorat\",\"publisher\":{\"@id\":\"https:\\\/\\\/mussons.cat\\\/#organization\"},\"potentialAction\":[{\"@type\":\"SearchAction\",\"target\":{\"@type\":\"EntryPoint\",\"urlTemplate\":\"https:\\\/\\\/mussons.cat\\\/?s={search_term_string}\"},\"query-input\":{\"@type\":\"PropertyValueSpecification\",\"valueRequired\":true,\"valueName\":\"search_term_string\"}}],\"inLanguage\":\"es\"},{\"@type\":\"Organization\",\"@id\":\"https:\\\/\\\/mussons.cat\\\/#organization\",\"name\":\"Mussons\",\"url\":\"https:\\\/\\\/mussons.cat\\\/\",\"logo\":{\"@type\":\"ImageObject\",\"inLanguage\":\"es\",\"@id\":\"https:\\\/\\\/mussons.cat\\\/#\\\/schema\\\/logo\\\/image\\\/\",\"url\":\"https:\\\/\\\/mussons.cat\\\/wp-content\\\/uploads\\\/2021\\\/11\\\/logo.jpg\",\"contentUrl\":\"https:\\\/\\\/mussons.cat\\\/wp-content\\\/uploads\\\/2021\\\/11\\\/logo.jpg\",\"width\":200,\"height\":200,\"caption\":\"Mussons\"},\"image\":{\"@id\":\"https:\\\/\\\/mussons.cat\\\/#\\\/schema\\\/logo\\\/image\\\/\"},\"sameAs\":[\"https:\\\/\\\/www.facebook.com\\\/mussons.vins\",\"https:\\\/\\\/www.instagram.com\\\/mussonsvins\\\/\"]}]}<\/script>\n<!-- \/ Yoast SEO plugin. -->","yoast_head_json":{"title":"ENTORNO - Mussons","robots":{"index":"index","follow":"follow","max-snippet":"max-snippet:-1","max-image-preview":"max-image-preview:large","max-video-preview":"max-video-preview:-1"},"canonical":"https:\/\/mussons.cat\/lentorn\/","og_locale":"es_ES","og_type":"article","og_title":"ENTORNO - Mussons","og_description":"PRIORAT ENTORNO En medio del Priorat, junto al r\u00edo Siurana y con el Montsant de fondo. Costeros de pizarra que sujetan las vi\u00f1as entre revueltas de caminos. El paisaje del Priorat es duro y descarnado, pero a la vez, es m\u00e1gico y sorprendente. Quiz\u00e1s es lo que atrajo los monjes de Scala Dei y ubicaron [&hellip;]","og_url":"https:\/\/mussons.cat\/lentorn\/","og_site_name":"Mussons","article_publisher":"https:\/\/www.facebook.com\/mussons.vins","article_modified_time":"2022-04-27T15:40:52+00:00","twitter_card":"summary_large_image","twitter_misc":{"Tiempo de lectura":"9 minutos"},"schema":{"@context":"https:\/\/schema.org","@graph":[{"@type":"WebPage","@id":"https:\/\/mussons.cat\/lentorn\/","url":"https:\/\/mussons.cat\/lentorn\/","name":"ENTORNO - Mussons","isPartOf":{"@id":"https:\/\/mussons.cat\/#website"},"datePublished":"2022-04-27T15:40:50+00:00","dateModified":"2022-04-27T15:40:52+00:00","breadcrumb":{"@id":"https:\/\/mussons.cat\/lentorn\/#breadcrumb"},"inLanguage":"es","potentialAction":[{"@type":"ReadAction","target":["https:\/\/mussons.cat\/lentorn\/"]}]},{"@type":"BreadcrumbList","@id":"https:\/\/mussons.cat\/lentorn\/#breadcrumb","itemListElement":[{"@type":"ListItem","position":1,"name":"Inici","item":"https:\/\/mussons.cat\/"},{"@type":"ListItem","position":2,"name":"ENTORNO"}]},{"@type":"WebSite","@id":"https:\/\/mussons.cat\/#website","url":"https:\/\/mussons.cat\/","name":"Mussons","description":"El celler del Priorat","publisher":{"@id":"https:\/\/mussons.cat\/#organization"},"potentialAction":[{"@type":"SearchAction","target":{"@type":"EntryPoint","urlTemplate":"https:\/\/mussons.cat\/?s={search_term_string}"},"query-input":{"@type":"PropertyValueSpecification","valueRequired":true,"valueName":"search_term_string"}}],"inLanguage":"es"},{"@type":"Organization","@id":"https:\/\/mussons.cat\/#organization","name":"Mussons","url":"https:\/\/mussons.cat\/","logo":{"@type":"ImageObject","inLanguage":"es","@id":"https:\/\/mussons.cat\/#\/schema\/logo\/image\/","url":"https:\/\/mussons.cat\/wp-content\/uploads\/2021\/11\/logo.jpg","contentUrl":"https:\/\/mussons.cat\/wp-content\/uploads\/2021\/11\/logo.jpg","width":200,"height":200,"caption":"Mussons"},"image":{"@id":"https:\/\/mussons.cat\/#\/schema\/logo\/image\/"},"sameAs":["https:\/\/www.facebook.com\/mussons.vins","https:\/\/www.instagram.com\/mussonsvins\/"]}]}},"_links":{"self":[{"href":"https:\/\/mussons.cat\/es\/wp-json\/wp\/v2\/pages\/1517","targetHints":{"allow":["GET"]}}],"collection":[{"href":"https:\/\/mussons.cat\/es\/wp-json\/wp\/v2\/pages"}],"about":[{"href":"https:\/\/mussons.cat\/es\/wp-json\/wp\/v2\/types\/page"}],"author":[{"embeddable":true,"href":"https:\/\/mussons.cat\/es\/wp-json\/wp\/v2\/users\/1"}],"replies":[{"embeddable":true,"href":"https:\/\/mussons.cat\/es\/wp-json\/wp\/v2\/comments?post=1517"}],"version-history":[{"count":2,"href":"https:\/\/mussons.cat\/es\/wp-json\/wp\/v2\/pages\/1517\/revisions"}],"predecessor-version":[{"id":1519,"href":"https:\/\/mussons.cat\/es\/wp-json\/wp\/v2\/pages\/1517\/revisions\/1519"}],"wp:attachment":[{"href":"https:\/\/mussons.cat\/es\/wp-json\/wp\/v2\/media?parent=1517"}],"curies":[{"name":"wp","href":"https:\/\/api.w.org\/{rel}","templated":true}]}}