{"id":1574,"date":"2021-10-25T13:20:37","date_gmt":"2021-10-25T13:20:37","guid":{"rendered":"https:\/\/mussons.cat\/producto\/vino-blanco-mussons-2019-ecologico\/"},"modified":"2024-06-09T11:48:37","modified_gmt":"2024-06-09T09:48:37","slug":"vino-blanco-mussons-2019-ecologico","status":"publish","type":"product","link":"https:\/\/mussons.cat\/es\/producto\/vino-blanco-mussons-2019-ecologico\/","title":{"rendered":"Vino Blanco Mussons 2019 Ecol\u00f3gico"},"content":{"rendered":"<div class=\"product__attribute--line attribute\">\n<div class=\"attribute--title\"><strong> ORIGEN <\/strong><\/div>\n<div class=\"attribute--info\">Es un vino ecol\u00f3gico elaborado con racimos seleccionados de garnacha blanca. Macerado 24 h.<\/div>\n<\/div>\n<div class=\"product__attribute--line attribute\">\n<div><\/div>\n<div class=\"attribute--title\"><strong> DESGUSTACI\u00d3N <\/strong><\/div>\n<div class=\"attribute--info\">Es un vino potente de color amarillo verdoso y con mucho volumen en la copa. En la nariz es muy afrutado y est\u00e1 dominado por los aromas caracter\u00edsticos de la garnacha. En boca tiene una entrada suave con una evoluci\u00f3n ligeramente \u00e1cida y fresca; al final de boca es persistente y se reencuentran los aromas a pl\u00e1tano y manzana.<\/div>\n<\/div>\n<div class=\"product__attribute--line attribute\">\n<div><\/div>\n<div class=\"attribute--title\"><strong> GRADUACI\u00d3N <\/strong><\/div>\n<div class=\"attribute--info\">14,5%<\/div>\n<\/div>\n<div class=\"product__attribute--line attribute\">\n<div><\/div>\n<div class=\"attribute--title\"><strong>TEMPERATURA DE SERVICIO \u00d3PTIMO<\/strong><\/div>\n<div class=\"attribute--info\">Entre 8 \u00ba y 10 \u00ba<\/div>\n<\/div>\n<div class=\"product__attribute--line attribute\">\n<div><\/div>\n<div class=\"attribute--title\"><strong> MARIDAJE<\/strong><\/div>\n<div class=\"attribute--info\">Combina con quesos y pez al horno o guisos.<\/div>\n<\/div>\n<div class=\"product__attribute--line attribute\">\n<div><\/div>\n<div class=\"attribute--title\"><strong>CAPACIDAD DE LA BOTELLA (CL)<\/strong><\/div>\n<div class=\"attribute--info\">75<\/div>\n<\/div>\n<div class=\"product__attribute--line attribute\">\n<div><\/div>\n<div class=\"attribute--title\"><strong>BOTELLAS POR CAJA<\/strong><\/div>\n<div class=\"attribute--info\">6<\/div>\n<\/div>\n<div class=\"product__attribute--line attribute\">\n<div><\/div>\n<div class=\"attribute--title\"><strong>EAN<\/strong><\/div>\n<div class=\"attribute--info\">8437004733740<\/div>\n<\/div>\n","protected":false},"excerpt":{"rendered":"<p>Vino ecol\u00f3gico elaborado con garnacha blanca de color amarillo verdoso, afrutado y persistente en boca.<\/p>\n","protected":false},"featured_media":1169,"comment_status":"open","ping_status":"closed","template":"","meta":{"_et_pb_use_builder":"on","_et_pb_old_content":"","_et_gb_content_width":""},"product_brand":[],"product_cat":[43],"product_tag":[],"class_list":{"0":"post-1574","1":"product","2":"type-product","3":"status-publish","4":"has-post-thumbnail","6":"product_cat-vino-blanco","8":"first","9":"outofstock","10":"shipping-taxable","11":"purchasable","12":"product-type-simple"},"yoast_head":"<!-- This site is optimized with the Yoast SEO plugin v27.4 - https:\/\/yoast.com\/product\/yoast-seo-wordpress\/ -->\n<title>Vino Blanco Mussons 2019 Ecol\u00f3gico - Mussons<\/title>\n<meta name=\"robots\" content=\"index, follow, max-snippet:-1, max-image-preview:large, max-video-preview:-1\" \/>\n<link rel=\"canonical\" href=\"https:\/\/mussons.cat\/producto\/vi-blanc-mussons-2019-ecologic\/\" \/>\n<meta property=\"og:locale\" content=\"es_ES\" \/>\n<meta property=\"og:type\" content=\"article\" \/>\n<meta property=\"og:title\" content=\"Vino Blanco Mussons 2019 Ecol\u00f3gico - Mussons\" \/>\n<meta property=\"og:description\" content=\"Vino ecol\u00f3gico elaborado con garnacha blanca de color amarillo verdoso, afrutado y persistente en boca.\" \/>\n<meta property=\"og:url\" content=\"https:\/\/mussons.cat\/producto\/vi-blanc-mussons-2019-ecologic\/\" \/>\n<meta property=\"og:site_name\" content=\"Mussons\" \/>\n<meta property=\"article:publisher\" content=\"https:\/\/www.facebook.com\/mussons.vins\" \/>\n<meta property=\"article:modified_time\" content=\"2024-06-09T09:48:37+00:00\" \/>\n<meta property=\"og:image\" content=\"https:\/\/mussons.cat\/wp-content\/uploads\/2021\/10\/vi-blanc-mussons-2019-1600.jpeg\" \/>\n\t<meta property=\"og:image:width\" content=\"1600\" \/>\n\t<meta property=\"og:image:height\" content=\"1600\" \/>\n\t<meta property=\"og:image:type\" content=\"image\/jpeg\" \/>\n<meta name=\"twitter:card\" content=\"summary_large_image\" \/>\n<meta name=\"twitter:label1\" content=\"Tiempo de lectura\" \/>\n\t<meta name=\"twitter:data1\" content=\"1 minuto\" \/>\n<script type=\"application\/ld+json\" class=\"yoast-schema-graph\">{\"@context\":\"https:\\\/\\\/schema.org\",\"@graph\":[{\"@type\":\"WebPage\",\"@id\":\"https:\\\/\\\/mussons.cat\\\/producto\\\/vi-blanc-mussons-2019-ecologic\\\/\",\"url\":\"https:\\\/\\\/mussons.cat\\\/producto\\\/vi-blanc-mussons-2019-ecologic\\\/\",\"name\":\"Vino Blanco Mussons 2019 Ecol\u00f3gico - Mussons\",\"isPartOf\":{\"@id\":\"https:\\\/\\\/mussons.cat\\\/#website\"},\"primaryImageOfPage\":{\"@id\":\"https:\\\/\\\/mussons.cat\\\/producto\\\/vi-blanc-mussons-2019-ecologic\\\/#primaryimage\"},\"image\":{\"@id\":\"https:\\\/\\\/mussons.cat\\\/producto\\\/vi-blanc-mussons-2019-ecologic\\\/#primaryimage\"},\"thumbnailUrl\":\"https:\\\/\\\/mussons.cat\\\/wp-content\\\/uploads\\\/2021\\\/10\\\/vi-blanc-mussons-2019-1600.jpeg\",\"datePublished\":\"2021-10-25T13:20:37+00:00\",\"dateModified\":\"2024-06-09T09:48:37+00:00\",\"breadcrumb\":{\"@id\":\"https:\\\/\\\/mussons.cat\\\/producto\\\/vi-blanc-mussons-2019-ecologic\\\/#breadcrumb\"},\"inLanguage\":\"es\",\"potentialAction\":[{\"@type\":\"ReadAction\",\"target\":[\"https:\\\/\\\/mussons.cat\\\/producto\\\/vi-blanc-mussons-2019-ecologic\\\/\"]}]},{\"@type\":\"ImageObject\",\"inLanguage\":\"es\",\"@id\":\"https:\\\/\\\/mussons.cat\\\/producto\\\/vi-blanc-mussons-2019-ecologic\\\/#primaryimage\",\"url\":\"https:\\\/\\\/mussons.cat\\\/wp-content\\\/uploads\\\/2021\\\/10\\\/vi-blanc-mussons-2019-1600.jpeg\",\"contentUrl\":\"https:\\\/\\\/mussons.cat\\\/wp-content\\\/uploads\\\/2021\\\/10\\\/vi-blanc-mussons-2019-1600.jpeg\",\"width\":1600,\"height\":1600,\"caption\":\"Vino Blanco Mussons 2019 ecol\u00f3gico\"},{\"@type\":\"BreadcrumbList\",\"@id\":\"https:\\\/\\\/mussons.cat\\\/producto\\\/vi-blanc-mussons-2019-ecologic\\\/#breadcrumb\",\"itemListElement\":[{\"@type\":\"ListItem\",\"position\":1,\"name\":\"Inici\",\"item\":\"https:\\\/\\\/mussons.cat\\\/\"},{\"@type\":\"ListItem\",\"position\":2,\"name\":\"TIENDA ONLINE\",\"item\":\"https:\\\/\\\/mussons.cat\\\/botiga-online\\\/\"},{\"@type\":\"ListItem\",\"position\":3,\"name\":\"Vino Blanco Mussons 2019 Ecol\u00f3gico\"}]},{\"@type\":\"WebSite\",\"@id\":\"https:\\\/\\\/mussons.cat\\\/#website\",\"url\":\"https:\\\/\\\/mussons.cat\\\/\",\"name\":\"Mussons\",\"description\":\"El celler del Priorat\",\"publisher\":{\"@id\":\"https:\\\/\\\/mussons.cat\\\/#organization\"},\"potentialAction\":[{\"@type\":\"SearchAction\",\"target\":{\"@type\":\"EntryPoint\",\"urlTemplate\":\"https:\\\/\\\/mussons.cat\\\/?s={search_term_string}\"},\"query-input\":{\"@type\":\"PropertyValueSpecification\",\"valueRequired\":true,\"valueName\":\"search_term_string\"}}],\"inLanguage\":\"es\"},{\"@type\":\"Organization\",\"@id\":\"https:\\\/\\\/mussons.cat\\\/#organization\",\"name\":\"Mussons\",\"url\":\"https:\\\/\\\/mussons.cat\\\/\",\"logo\":{\"@type\":\"ImageObject\",\"inLanguage\":\"es\",\"@id\":\"https:\\\/\\\/mussons.cat\\\/#\\\/schema\\\/logo\\\/image\\\/\",\"url\":\"https:\\\/\\\/mussons.cat\\\/wp-content\\\/uploads\\\/2021\\\/11\\\/logo.jpg\",\"contentUrl\":\"https:\\\/\\\/mussons.cat\\\/wp-content\\\/uploads\\\/2021\\\/11\\\/logo.jpg\",\"width\":200,\"height\":200,\"caption\":\"Mussons\"},\"image\":{\"@id\":\"https:\\\/\\\/mussons.cat\\\/#\\\/schema\\\/logo\\\/image\\\/\"},\"sameAs\":[\"https:\\\/\\\/www.facebook.com\\\/mussons.vins\",\"https:\\\/\\\/www.instagram.com\\\/mussonsvins\\\/\"]}]}<\/script>\n<!-- \/ Yoast SEO plugin. -->","yoast_head_json":{"title":"Vino Blanco Mussons 2019 Ecol\u00f3gico - Mussons","robots":{"index":"index","follow":"follow","max-snippet":"max-snippet:-1","max-image-preview":"max-image-preview:large","max-video-preview":"max-video-preview:-1"},"canonical":"https:\/\/mussons.cat\/producto\/vi-blanc-mussons-2019-ecologic\/","og_locale":"es_ES","og_type":"article","og_title":"Vino Blanco Mussons 2019 Ecol\u00f3gico - Mussons","og_description":"Vino ecol\u00f3gico elaborado con garnacha blanca de color amarillo verdoso, afrutado y persistente en boca.","og_url":"https:\/\/mussons.cat\/producto\/vi-blanc-mussons-2019-ecologic\/","og_site_name":"Mussons","article_publisher":"https:\/\/www.facebook.com\/mussons.vins","article_modified_time":"2024-06-09T09:48:37+00:00","og_image":[{"width":1600,"height":1600,"url":"https:\/\/mussons.cat\/wp-content\/uploads\/2021\/10\/vi-blanc-mussons-2019-1600.jpeg","type":"image\/jpeg"}],"twitter_card":"summary_large_image","twitter_misc":{"Tiempo de lectura":"1 minuto"},"schema":{"@context":"https:\/\/schema.org","@graph":[{"@type":"WebPage","@id":"https:\/\/mussons.cat\/producto\/vi-blanc-mussons-2019-ecologic\/","url":"https:\/\/mussons.cat\/producto\/vi-blanc-mussons-2019-ecologic\/","name":"Vino Blanco Mussons 2019 Ecol\u00f3gico - Mussons","isPartOf":{"@id":"https:\/\/mussons.cat\/#website"},"primaryImageOfPage":{"@id":"https:\/\/mussons.cat\/producto\/vi-blanc-mussons-2019-ecologic\/#primaryimage"},"image":{"@id":"https:\/\/mussons.cat\/producto\/vi-blanc-mussons-2019-ecologic\/#primaryimage"},"thumbnailUrl":"https:\/\/mussons.cat\/wp-content\/uploads\/2021\/10\/vi-blanc-mussons-2019-1600.jpeg","datePublished":"2021-10-25T13:20:37+00:00","dateModified":"2024-06-09T09:48:37+00:00","breadcrumb":{"@id":"https:\/\/mussons.cat\/producto\/vi-blanc-mussons-2019-ecologic\/#breadcrumb"},"inLanguage":"es","potentialAction":[{"@type":"ReadAction","target":["https:\/\/mussons.cat\/producto\/vi-blanc-mussons-2019-ecologic\/"]}]},{"@type":"ImageObject","inLanguage":"es","@id":"https:\/\/mussons.cat\/producto\/vi-blanc-mussons-2019-ecologic\/#primaryimage","url":"https:\/\/mussons.cat\/wp-content\/uploads\/2021\/10\/vi-blanc-mussons-2019-1600.jpeg","contentUrl":"https:\/\/mussons.cat\/wp-content\/uploads\/2021\/10\/vi-blanc-mussons-2019-1600.jpeg","width":1600,"height":1600,"caption":"Vino Blanco Mussons 2019 ecol\u00f3gico"},{"@type":"BreadcrumbList","@id":"https:\/\/mussons.cat\/producto\/vi-blanc-mussons-2019-ecologic\/#breadcrumb","itemListElement":[{"@type":"ListItem","position":1,"name":"Inici","item":"https:\/\/mussons.cat\/"},{"@type":"ListItem","position":2,"name":"TIENDA ONLINE","item":"https:\/\/mussons.cat\/botiga-online\/"},{"@type":"ListItem","position":3,"name":"Vino Blanco Mussons 2019 Ecol\u00f3gico"}]},{"@type":"WebSite","@id":"https:\/\/mussons.cat\/#website","url":"https:\/\/mussons.cat\/","name":"Mussons","description":"El celler del Priorat","publisher":{"@id":"https:\/\/mussons.cat\/#organization"},"potentialAction":[{"@type":"SearchAction","target":{"@type":"EntryPoint","urlTemplate":"https:\/\/mussons.cat\/?s={search_term_string}"},"query-input":{"@type":"PropertyValueSpecification","valueRequired":true,"valueName":"search_term_string"}}],"inLanguage":"es"},{"@type":"Organization","@id":"https:\/\/mussons.cat\/#organization","name":"Mussons","url":"https:\/\/mussons.cat\/","logo":{"@type":"ImageObject","inLanguage":"es","@id":"https:\/\/mussons.cat\/#\/schema\/logo\/image\/","url":"https:\/\/mussons.cat\/wp-content\/uploads\/2021\/11\/logo.jpg","contentUrl":"https:\/\/mussons.cat\/wp-content\/uploads\/2021\/11\/logo.jpg","width":200,"height":200,"caption":"Mussons"},"image":{"@id":"https:\/\/mussons.cat\/#\/schema\/logo\/image\/"},"sameAs":["https:\/\/www.facebook.com\/mussons.vins","https:\/\/www.instagram.com\/mussonsvins\/"]}]}},"_links":{"self":[{"href":"https:\/\/mussons.cat\/es\/wp-json\/wp\/v2\/product\/1574","targetHints":{"allow":["GET"]}}],"collection":[{"href":"https:\/\/mussons.cat\/es\/wp-json\/wp\/v2\/product"}],"about":[{"href":"https:\/\/mussons.cat\/es\/wp-json\/wp\/v2\/types\/product"}],"replies":[{"embeddable":true,"href":"https:\/\/mussons.cat\/es\/wp-json\/wp\/v2\/comments?post=1574"}],"wp:featuredmedia":[{"embeddable":true,"href":"https:\/\/mussons.cat\/es\/wp-json\/wp\/v2\/media\/1169"}],"wp:attachment":[{"href":"https:\/\/mussons.cat\/es\/wp-json\/wp\/v2\/media?parent=1574"}],"wp:term":[{"taxonomy":"product_brand","embeddable":true,"href":"https:\/\/mussons.cat\/es\/wp-json\/wp\/v2\/product_brand?post=1574"},{"taxonomy":"product_cat","embeddable":true,"href":"https:\/\/mussons.cat\/es\/wp-json\/wp\/v2\/product_cat?post=1574"},{"taxonomy":"product_tag","embeddable":true,"href":"https:\/\/mussons.cat\/es\/wp-json\/wp\/v2\/product_tag?post=1574"}],"curies":[{"name":"wp","href":"https:\/\/api.w.org\/{rel}","templated":true}]}}