{"id":1575,"date":"2021-11-02T08:30:57","date_gmt":"2021-11-02T08:30:57","guid":{"rendered":"https:\/\/mussons.cat\/producto\/vino-tinto-mussons-2015-ecologico\/"},"modified":"2024-07-31T08:30:27","modified_gmt":"2024-07-31T06:30:27","slug":"vino-tinto-mussons-2015-ecologico","status":"publish","type":"product","link":"https:\/\/mussons.cat\/es\/producto\/vino-tinto-mussons-2015-ecologico\/","title":{"rendered":"Vino Tinto Mussons 2015 Ecol\u00f3gico"},"content":{"rendered":"<div class=\"product__attribute--line attribute\">\n<div class=\"attribute--title\"><strong>ORIGEN<\/strong><\/div>\n<div class=\"attribute--info\">Es un vino ecol\u00f3gico elaborado con uva de nuestra finca y que ha sido envejecido durante 12 -15 meses en barricas de roble americano y franc\u00e9s. Elaborado con garnacha negra (60%), Cabernet Sauvignon (40%).<\/div>\n<\/div>\n<div class=\"product__attribute--line attribute\">\n<div><\/div>\n<div class=\"attribute--title\"><strong> DEGUSTACI\u00d3N <\/strong><\/div>\n<div class=\"attribute--info\">Es un vino potente con un marcado perfil PRIORAT de color rojo con una ligera tonalidad teja, denso en la copa y brillante. Al olfato, est\u00e1 dominado por los aromas a fruta madura y algunas notas especiadas provenientes de su paso por la madera. En boca, tiene una entrada suave y una evoluci\u00f3n aterciopelada muy agradable, y un final de boca con aromas de frutos rojos.<\/div>\n<\/div>\n<div class=\"product__attribute--line attribute\">\n<div><\/div>\n<div class=\"attribute--title\"><strong> GRADUACI\u00d3N <\/strong><\/div>\n<div class=\"attribute--info\">14,5%<\/div>\n<\/div>\n<div class=\"product__attribute--line attribute\">\n<div><\/div>\n<div class=\"attribute--title\"><strong>TEMPERATURA DE SERVICIO \u00d3PTIMA<\/strong><\/div>\n<div class=\"attribute--info\">Entre 16 \u00b0C y 18 \u00b0C. Para consumir ahora o guardar hasta el 2024.<\/div>\n<\/div>\n<div class=\"product__attribute--line attribute\">\n<div><\/div>\n<div class=\"attribute--title\"><strong>CAPACIDAD DE LA BOTELLA (CL)<\/strong><\/div>\n<div class=\"attribute--info\">75<\/div>\n<\/div>\n<div class=\"product__attribute--line attribute\">\n<div><\/div>\n<div class=\"attribute--title\"><strong>BOTELLAS POR CAJA<\/strong><\/div>\n<div class=\"attribute--info\">6<\/div>\n<\/div>\n<div class=\"product__attribute--line attribute\">\n<div><\/div>\n<div class=\"attribute--title\"><strong>EAN<\/strong><\/div>\n<div class=\"attribute--info\">8437004733733<\/div>\n<\/div>\n","protected":false},"excerpt":{"rendered":"<p>Vino elaborado con garnacha, Cabernet Sauvignon. Criado 12 meses en barricas de roble franc\u00e9s y americano. De color p\u00farpura con un toque viol\u00e1ceo. Aroma intenso y complejo de frutos silvestres y notas minerales y especiadas. Estructurado en boca con fruta madura y tanino aterciopelado y suave.<\/p>\n","protected":false},"featured_media":1175,"comment_status":"open","ping_status":"closed","template":"","meta":{"_et_pb_use_builder":"on","_et_pb_old_content":"","_et_gb_content_width":""},"product_brand":[],"product_cat":[44],"product_tag":[],"class_list":{"0":"post-1575","1":"product","2":"type-product","3":"status-publish","4":"has-post-thumbnail","6":"product_cat-vino-tinto","8":"first","9":"instock","10":"shipping-taxable","11":"purchasable","12":"product-type-simple"},"yoast_head":"<!-- This site is optimized with the Yoast SEO plugin v27.4 - https:\/\/yoast.com\/product\/yoast-seo-wordpress\/ -->\n<title>Vino Tinto Mussons 2015 Ecol\u00f3gico - Mussons<\/title>\n<meta name=\"robots\" content=\"index, follow, max-snippet:-1, max-image-preview:large, max-video-preview:-1\" \/>\n<link rel=\"canonical\" href=\"https:\/\/mussons.cat\/producto\/vi-negre-mussons-2015-ecologic\/\" \/>\n<meta property=\"og:locale\" content=\"es_ES\" \/>\n<meta property=\"og:type\" content=\"article\" \/>\n<meta property=\"og:title\" content=\"Vino Tinto Mussons 2015 Ecol\u00f3gico - Mussons\" \/>\n<meta property=\"og:description\" content=\"Vino elaborado con garnacha, Cabernet Sauvignon. Criado 12 meses en barricas de roble franc\u00e9s y americano. De color p\u00farpura con un toque viol\u00e1ceo. Aroma intenso y complejo de frutos silvestres y notas minerales y especiadas. Estructurado en boca con fruta madura y tanino aterciopelado y suave.\" \/>\n<meta property=\"og:url\" content=\"https:\/\/mussons.cat\/producto\/vi-negre-mussons-2015-ecologic\/\" \/>\n<meta property=\"og:site_name\" content=\"Mussons\" \/>\n<meta property=\"article:publisher\" content=\"https:\/\/www.facebook.com\/mussons.vins\" \/>\n<meta property=\"article:modified_time\" content=\"2024-07-31T06:30:27+00:00\" \/>\n<meta property=\"og:image\" content=\"https:\/\/mussons.cat\/wp-content\/uploads\/2021\/11\/vi-negre-mussons-2015.jpeg\" \/>\n\t<meta property=\"og:image:width\" content=\"1000\" \/>\n\t<meta property=\"og:image:height\" content=\"1000\" \/>\n\t<meta property=\"og:image:type\" content=\"image\/jpeg\" \/>\n<meta name=\"twitter:card\" content=\"summary_large_image\" \/>\n<meta name=\"twitter:label1\" content=\"Tiempo de lectura\" \/>\n\t<meta name=\"twitter:data1\" content=\"1 minuto\" \/>\n<script type=\"application\/ld+json\" class=\"yoast-schema-graph\">{\"@context\":\"https:\\\/\\\/schema.org\",\"@graph\":[{\"@type\":\"WebPage\",\"@id\":\"https:\\\/\\\/mussons.cat\\\/producto\\\/vi-negre-mussons-2015-ecologic\\\/\",\"url\":\"https:\\\/\\\/mussons.cat\\\/producto\\\/vi-negre-mussons-2015-ecologic\\\/\",\"name\":\"Vino Tinto Mussons 2015 Ecol\u00f3gico - Mussons\",\"isPartOf\":{\"@id\":\"https:\\\/\\\/mussons.cat\\\/#website\"},\"primaryImageOfPage\":{\"@id\":\"https:\\\/\\\/mussons.cat\\\/producto\\\/vi-negre-mussons-2015-ecologic\\\/#primaryimage\"},\"image\":{\"@id\":\"https:\\\/\\\/mussons.cat\\\/producto\\\/vi-negre-mussons-2015-ecologic\\\/#primaryimage\"},\"thumbnailUrl\":\"https:\\\/\\\/mussons.cat\\\/wp-content\\\/uploads\\\/2021\\\/11\\\/vi-negre-mussons-2015.jpeg\",\"datePublished\":\"2021-11-02T08:30:57+00:00\",\"dateModified\":\"2024-07-31T06:30:27+00:00\",\"breadcrumb\":{\"@id\":\"https:\\\/\\\/mussons.cat\\\/producto\\\/vi-negre-mussons-2015-ecologic\\\/#breadcrumb\"},\"inLanguage\":\"es\",\"potentialAction\":[{\"@type\":\"ReadAction\",\"target\":[\"https:\\\/\\\/mussons.cat\\\/producto\\\/vi-negre-mussons-2015-ecologic\\\/\"]}]},{\"@type\":\"ImageObject\",\"inLanguage\":\"es\",\"@id\":\"https:\\\/\\\/mussons.cat\\\/producto\\\/vi-negre-mussons-2015-ecologic\\\/#primaryimage\",\"url\":\"https:\\\/\\\/mussons.cat\\\/wp-content\\\/uploads\\\/2021\\\/11\\\/vi-negre-mussons-2015.jpeg\",\"contentUrl\":\"https:\\\/\\\/mussons.cat\\\/wp-content\\\/uploads\\\/2021\\\/11\\\/vi-negre-mussons-2015.jpeg\",\"width\":1000,\"height\":1000},{\"@type\":\"BreadcrumbList\",\"@id\":\"https:\\\/\\\/mussons.cat\\\/producto\\\/vi-negre-mussons-2015-ecologic\\\/#breadcrumb\",\"itemListElement\":[{\"@type\":\"ListItem\",\"position\":1,\"name\":\"Inici\",\"item\":\"https:\\\/\\\/mussons.cat\\\/\"},{\"@type\":\"ListItem\",\"position\":2,\"name\":\"TIENDA ONLINE\",\"item\":\"https:\\\/\\\/mussons.cat\\\/botiga-online\\\/\"},{\"@type\":\"ListItem\",\"position\":3,\"name\":\"Vino Tinto Mussons 2015 Ecol\u00f3gico\"}]},{\"@type\":\"WebSite\",\"@id\":\"https:\\\/\\\/mussons.cat\\\/#website\",\"url\":\"https:\\\/\\\/mussons.cat\\\/\",\"name\":\"Mussons\",\"description\":\"El celler del Priorat\",\"publisher\":{\"@id\":\"https:\\\/\\\/mussons.cat\\\/#organization\"},\"potentialAction\":[{\"@type\":\"SearchAction\",\"target\":{\"@type\":\"EntryPoint\",\"urlTemplate\":\"https:\\\/\\\/mussons.cat\\\/?s={search_term_string}\"},\"query-input\":{\"@type\":\"PropertyValueSpecification\",\"valueRequired\":true,\"valueName\":\"search_term_string\"}}],\"inLanguage\":\"es\"},{\"@type\":\"Organization\",\"@id\":\"https:\\\/\\\/mussons.cat\\\/#organization\",\"name\":\"Mussons\",\"url\":\"https:\\\/\\\/mussons.cat\\\/\",\"logo\":{\"@type\":\"ImageObject\",\"inLanguage\":\"es\",\"@id\":\"https:\\\/\\\/mussons.cat\\\/#\\\/schema\\\/logo\\\/image\\\/\",\"url\":\"https:\\\/\\\/mussons.cat\\\/wp-content\\\/uploads\\\/2021\\\/11\\\/logo.jpg\",\"contentUrl\":\"https:\\\/\\\/mussons.cat\\\/wp-content\\\/uploads\\\/2021\\\/11\\\/logo.jpg\",\"width\":200,\"height\":200,\"caption\":\"Mussons\"},\"image\":{\"@id\":\"https:\\\/\\\/mussons.cat\\\/#\\\/schema\\\/logo\\\/image\\\/\"},\"sameAs\":[\"https:\\\/\\\/www.facebook.com\\\/mussons.vins\",\"https:\\\/\\\/www.instagram.com\\\/mussonsvins\\\/\"]}]}<\/script>\n<!-- \/ Yoast SEO plugin. -->","yoast_head_json":{"title":"Vino Tinto Mussons 2015 Ecol\u00f3gico - Mussons","robots":{"index":"index","follow":"follow","max-snippet":"max-snippet:-1","max-image-preview":"max-image-preview:large","max-video-preview":"max-video-preview:-1"},"canonical":"https:\/\/mussons.cat\/producto\/vi-negre-mussons-2015-ecologic\/","og_locale":"es_ES","og_type":"article","og_title":"Vino Tinto Mussons 2015 Ecol\u00f3gico - Mussons","og_description":"Vino elaborado con garnacha, Cabernet Sauvignon. Criado 12 meses en barricas de roble franc\u00e9s y americano. De color p\u00farpura con un toque viol\u00e1ceo. Aroma intenso y complejo de frutos silvestres y notas minerales y especiadas. Estructurado en boca con fruta madura y tanino aterciopelado y suave.","og_url":"https:\/\/mussons.cat\/producto\/vi-negre-mussons-2015-ecologic\/","og_site_name":"Mussons","article_publisher":"https:\/\/www.facebook.com\/mussons.vins","article_modified_time":"2024-07-31T06:30:27+00:00","og_image":[{"width":1000,"height":1000,"url":"https:\/\/mussons.cat\/wp-content\/uploads\/2021\/11\/vi-negre-mussons-2015.jpeg","type":"image\/jpeg"}],"twitter_card":"summary_large_image","twitter_misc":{"Tiempo de lectura":"1 minuto"},"schema":{"@context":"https:\/\/schema.org","@graph":[{"@type":"WebPage","@id":"https:\/\/mussons.cat\/producto\/vi-negre-mussons-2015-ecologic\/","url":"https:\/\/mussons.cat\/producto\/vi-negre-mussons-2015-ecologic\/","name":"Vino Tinto Mussons 2015 Ecol\u00f3gico - Mussons","isPartOf":{"@id":"https:\/\/mussons.cat\/#website"},"primaryImageOfPage":{"@id":"https:\/\/mussons.cat\/producto\/vi-negre-mussons-2015-ecologic\/#primaryimage"},"image":{"@id":"https:\/\/mussons.cat\/producto\/vi-negre-mussons-2015-ecologic\/#primaryimage"},"thumbnailUrl":"https:\/\/mussons.cat\/wp-content\/uploads\/2021\/11\/vi-negre-mussons-2015.jpeg","datePublished":"2021-11-02T08:30:57+00:00","dateModified":"2024-07-31T06:30:27+00:00","breadcrumb":{"@id":"https:\/\/mussons.cat\/producto\/vi-negre-mussons-2015-ecologic\/#breadcrumb"},"inLanguage":"es","potentialAction":[{"@type":"ReadAction","target":["https:\/\/mussons.cat\/producto\/vi-negre-mussons-2015-ecologic\/"]}]},{"@type":"ImageObject","inLanguage":"es","@id":"https:\/\/mussons.cat\/producto\/vi-negre-mussons-2015-ecologic\/#primaryimage","url":"https:\/\/mussons.cat\/wp-content\/uploads\/2021\/11\/vi-negre-mussons-2015.jpeg","contentUrl":"https:\/\/mussons.cat\/wp-content\/uploads\/2021\/11\/vi-negre-mussons-2015.jpeg","width":1000,"height":1000},{"@type":"BreadcrumbList","@id":"https:\/\/mussons.cat\/producto\/vi-negre-mussons-2015-ecologic\/#breadcrumb","itemListElement":[{"@type":"ListItem","position":1,"name":"Inici","item":"https:\/\/mussons.cat\/"},{"@type":"ListItem","position":2,"name":"TIENDA ONLINE","item":"https:\/\/mussons.cat\/botiga-online\/"},{"@type":"ListItem","position":3,"name":"Vino Tinto Mussons 2015 Ecol\u00f3gico"}]},{"@type":"WebSite","@id":"https:\/\/mussons.cat\/#website","url":"https:\/\/mussons.cat\/","name":"Mussons","description":"El celler del Priorat","publisher":{"@id":"https:\/\/mussons.cat\/#organization"},"potentialAction":[{"@type":"SearchAction","target":{"@type":"EntryPoint","urlTemplate":"https:\/\/mussons.cat\/?s={search_term_string}"},"query-input":{"@type":"PropertyValueSpecification","valueRequired":true,"valueName":"search_term_string"}}],"inLanguage":"es"},{"@type":"Organization","@id":"https:\/\/mussons.cat\/#organization","name":"Mussons","url":"https:\/\/mussons.cat\/","logo":{"@type":"ImageObject","inLanguage":"es","@id":"https:\/\/mussons.cat\/#\/schema\/logo\/image\/","url":"https:\/\/mussons.cat\/wp-content\/uploads\/2021\/11\/logo.jpg","contentUrl":"https:\/\/mussons.cat\/wp-content\/uploads\/2021\/11\/logo.jpg","width":200,"height":200,"caption":"Mussons"},"image":{"@id":"https:\/\/mussons.cat\/#\/schema\/logo\/image\/"},"sameAs":["https:\/\/www.facebook.com\/mussons.vins","https:\/\/www.instagram.com\/mussonsvins\/"]}]}},"_links":{"self":[{"href":"https:\/\/mussons.cat\/es\/wp-json\/wp\/v2\/product\/1575","targetHints":{"allow":["GET"]}}],"collection":[{"href":"https:\/\/mussons.cat\/es\/wp-json\/wp\/v2\/product"}],"about":[{"href":"https:\/\/mussons.cat\/es\/wp-json\/wp\/v2\/types\/product"}],"replies":[{"embeddable":true,"href":"https:\/\/mussons.cat\/es\/wp-json\/wp\/v2\/comments?post=1575"}],"wp:featuredmedia":[{"embeddable":true,"href":"https:\/\/mussons.cat\/es\/wp-json\/wp\/v2\/media\/1175"}],"wp:attachment":[{"href":"https:\/\/mussons.cat\/es\/wp-json\/wp\/v2\/media?parent=1575"}],"wp:term":[{"taxonomy":"product_brand","embeddable":true,"href":"https:\/\/mussons.cat\/es\/wp-json\/wp\/v2\/product_brand?post=1575"},{"taxonomy":"product_cat","embeddable":true,"href":"https:\/\/mussons.cat\/es\/wp-json\/wp\/v2\/product_cat?post=1575"},{"taxonomy":"product_tag","embeddable":true,"href":"https:\/\/mussons.cat\/es\/wp-json\/wp\/v2\/product_tag?post=1575"}],"curies":[{"name":"wp","href":"https:\/\/api.w.org\/{rel}","templated":true}]}}