{"id":1576,"date":"2021-11-02T09:27:33","date_gmt":"2021-11-02T09:27:33","guid":{"rendered":"https:\/\/mussons.cat\/producto\/cava-mussons-brut-nature\/"},"modified":"2024-11-29T13:12:30","modified_gmt":"2024-11-29T12:12:30","slug":"cava-mussons-brut-nature","status":"publish","type":"product","link":"https:\/\/mussons.cat\/es\/producto\/cava-mussons-brut-nature\/","title":{"rendered":"Cava Mussons Brut Nature"},"content":{"rendered":"<p><strong> ORIGEN <\/strong><br \/>\nEs un cava elaborado en el coraz\u00f3n del Pened\u00e9s con las variedades t\u00edpicas de la zona: Macabeo, Xarel\u00b7lo y Parellada. Criado en cava entre 16 y 20 meses y con deg\u00fcelle manual sin az\u00facares a\u00f1adidos.<\/p>\n<p><strong> DEGUSTACI\u00d3N <\/strong><br \/>\nDe color amarillo p\u00e1lido con reflejos verdosos y burbujas finas y peque\u00f1as. Aroma fresco con notas c\u00edtricas y alegre con fruta madura, hierba fresca y un fondo de levadura. Es un producto f\u00e1cil, de paladar fresco, seco, sedoso y equilibrado, con una evoluci\u00f3n \u00e1cida pero elegante y un posgusto persistente.<\/p>\n<p><strong> GRADUACI\u00d3N <\/strong><br \/>\n11,5%<\/p>\n<p><strong>TEMPERATURA DE SERVICIO \u00d3PTIMA<\/strong><br \/>\nEntre 4\u00ba y 6\u00ba<\/p>\n<p><strong> MARIDAJE<\/strong><br \/>\nCombina con quesos y pez al horno o guisos.<\/p>\n<p><strong>CAPACIDAD DE LA BOTELLA (CL)<\/strong><br \/>\n75<\/p>\n<p><strong>BOTELLAS POR CAJA<\/strong><br \/>\n6<\/p>\n<p><strong>EAN<\/strong><br \/>\n8437003304446<\/p>\n","protected":false},"excerpt":{"rendered":"<p>De color amarillo p\u00e1lido con reflejos verdosos y burbujas finas y peque\u00f1as. Aroma fresco con notas c\u00edtricas y alegre, con fruta madura, hierba fresca y un fondo de levadura.<\/p>\n","protected":false},"featured_media":1179,"comment_status":"open","ping_status":"closed","template":"","meta":{"_et_pb_use_builder":"","_et_pb_old_content":"","_et_gb_content_width":""},"product_brand":[],"product_cat":[41],"product_tag":[],"class_list":{"0":"post-1576","1":"product","2":"type-product","3":"status-publish","4":"has-post-thumbnail","6":"product_cat-cava-es","8":"first","9":"instock","10":"shipping-taxable","11":"purchasable","12":"product-type-simple"},"yoast_head":"<!-- This site is optimized with the Yoast SEO plugin v27.4 - https:\/\/yoast.com\/product\/yoast-seo-wordpress\/ -->\n<title>Cava Mussons Brut Nature - Mussons<\/title>\n<meta name=\"robots\" content=\"index, follow, max-snippet:-1, max-image-preview:large, max-video-preview:-1\" \/>\n<link rel=\"canonical\" href=\"https:\/\/mussons.cat\/producto\/cava-mussons-brut-nature\/\" \/>\n<meta property=\"og:locale\" content=\"es_ES\" \/>\n<meta property=\"og:type\" content=\"article\" \/>\n<meta property=\"og:title\" content=\"Cava Mussons Brut Nature - Mussons\" \/>\n<meta property=\"og:description\" content=\"De color amarillo p\u00e1lido con reflejos verdosos y burbujas finas y peque\u00f1as. Aroma fresco con notas c\u00edtricas y alegre, con fruta madura, hierba fresca y un fondo de levadura.\" \/>\n<meta property=\"og:url\" content=\"https:\/\/mussons.cat\/producto\/cava-mussons-brut-nature\/\" \/>\n<meta property=\"og:site_name\" content=\"Mussons\" \/>\n<meta property=\"article:publisher\" content=\"https:\/\/www.facebook.com\/mussons.vins\" \/>\n<meta property=\"article:modified_time\" content=\"2024-11-29T12:12:30+00:00\" \/>\n<meta property=\"og:image\" content=\"https:\/\/mussons.cat\/wp-content\/uploads\/2021\/11\/cava-mussons-brut-nature-1600.jpeg\" \/>\n\t<meta property=\"og:image:width\" content=\"1600\" \/>\n\t<meta property=\"og:image:height\" content=\"1600\" \/>\n\t<meta property=\"og:image:type\" content=\"image\/jpeg\" \/>\n<meta name=\"twitter:card\" content=\"summary_large_image\" \/>\n<meta name=\"twitter:label1\" content=\"Tiempo de lectura\" \/>\n\t<meta name=\"twitter:data1\" content=\"1 minuto\" \/>\n<script type=\"application\/ld+json\" class=\"yoast-schema-graph\">{\"@context\":\"https:\\\/\\\/schema.org\",\"@graph\":[{\"@type\":\"WebPage\",\"@id\":\"https:\\\/\\\/mussons.cat\\\/producto\\\/cava-mussons-brut-nature\\\/\",\"url\":\"https:\\\/\\\/mussons.cat\\\/producto\\\/cava-mussons-brut-nature\\\/\",\"name\":\"Cava Mussons Brut Nature - Mussons\",\"isPartOf\":{\"@id\":\"https:\\\/\\\/mussons.cat\\\/#website\"},\"primaryImageOfPage\":{\"@id\":\"https:\\\/\\\/mussons.cat\\\/producto\\\/cava-mussons-brut-nature\\\/#primaryimage\"},\"image\":{\"@id\":\"https:\\\/\\\/mussons.cat\\\/producto\\\/cava-mussons-brut-nature\\\/#primaryimage\"},\"thumbnailUrl\":\"https:\\\/\\\/mussons.cat\\\/wp-content\\\/uploads\\\/2021\\\/11\\\/cava-mussons-brut-nature-1600.jpeg\",\"datePublished\":\"2021-11-02T09:27:33+00:00\",\"dateModified\":\"2024-11-29T12:12:30+00:00\",\"breadcrumb\":{\"@id\":\"https:\\\/\\\/mussons.cat\\\/producto\\\/cava-mussons-brut-nature\\\/#breadcrumb\"},\"inLanguage\":\"es\",\"potentialAction\":[{\"@type\":\"ReadAction\",\"target\":[\"https:\\\/\\\/mussons.cat\\\/producto\\\/cava-mussons-brut-nature\\\/\"]}]},{\"@type\":\"ImageObject\",\"inLanguage\":\"es\",\"@id\":\"https:\\\/\\\/mussons.cat\\\/producto\\\/cava-mussons-brut-nature\\\/#primaryimage\",\"url\":\"https:\\\/\\\/mussons.cat\\\/wp-content\\\/uploads\\\/2021\\\/11\\\/cava-mussons-brut-nature-1600.jpeg\",\"contentUrl\":\"https:\\\/\\\/mussons.cat\\\/wp-content\\\/uploads\\\/2021\\\/11\\\/cava-mussons-brut-nature-1600.jpeg\",\"width\":1600,\"height\":1600},{\"@type\":\"BreadcrumbList\",\"@id\":\"https:\\\/\\\/mussons.cat\\\/producto\\\/cava-mussons-brut-nature\\\/#breadcrumb\",\"itemListElement\":[{\"@type\":\"ListItem\",\"position\":1,\"name\":\"Inici\",\"item\":\"https:\\\/\\\/mussons.cat\\\/\"},{\"@type\":\"ListItem\",\"position\":2,\"name\":\"TIENDA ONLINE\",\"item\":\"https:\\\/\\\/mussons.cat\\\/botiga-online\\\/\"},{\"@type\":\"ListItem\",\"position\":3,\"name\":\"Cava Mussons Brut Nature\"}]},{\"@type\":\"WebSite\",\"@id\":\"https:\\\/\\\/mussons.cat\\\/#website\",\"url\":\"https:\\\/\\\/mussons.cat\\\/\",\"name\":\"Mussons\",\"description\":\"El celler del Priorat\",\"publisher\":{\"@id\":\"https:\\\/\\\/mussons.cat\\\/#organization\"},\"potentialAction\":[{\"@type\":\"SearchAction\",\"target\":{\"@type\":\"EntryPoint\",\"urlTemplate\":\"https:\\\/\\\/mussons.cat\\\/?s={search_term_string}\"},\"query-input\":{\"@type\":\"PropertyValueSpecification\",\"valueRequired\":true,\"valueName\":\"search_term_string\"}}],\"inLanguage\":\"es\"},{\"@type\":\"Organization\",\"@id\":\"https:\\\/\\\/mussons.cat\\\/#organization\",\"name\":\"Mussons\",\"url\":\"https:\\\/\\\/mussons.cat\\\/\",\"logo\":{\"@type\":\"ImageObject\",\"inLanguage\":\"es\",\"@id\":\"https:\\\/\\\/mussons.cat\\\/#\\\/schema\\\/logo\\\/image\\\/\",\"url\":\"https:\\\/\\\/mussons.cat\\\/wp-content\\\/uploads\\\/2021\\\/11\\\/logo.jpg\",\"contentUrl\":\"https:\\\/\\\/mussons.cat\\\/wp-content\\\/uploads\\\/2021\\\/11\\\/logo.jpg\",\"width\":200,\"height\":200,\"caption\":\"Mussons\"},\"image\":{\"@id\":\"https:\\\/\\\/mussons.cat\\\/#\\\/schema\\\/logo\\\/image\\\/\"},\"sameAs\":[\"https:\\\/\\\/www.facebook.com\\\/mussons.vins\",\"https:\\\/\\\/www.instagram.com\\\/mussonsvins\\\/\"]}]}<\/script>\n<!-- \/ Yoast SEO plugin. -->","yoast_head_json":{"title":"Cava Mussons Brut Nature - Mussons","robots":{"index":"index","follow":"follow","max-snippet":"max-snippet:-1","max-image-preview":"max-image-preview:large","max-video-preview":"max-video-preview:-1"},"canonical":"https:\/\/mussons.cat\/producto\/cava-mussons-brut-nature\/","og_locale":"es_ES","og_type":"article","og_title":"Cava Mussons Brut Nature - Mussons","og_description":"De color amarillo p\u00e1lido con reflejos verdosos y burbujas finas y peque\u00f1as. Aroma fresco con notas c\u00edtricas y alegre, con fruta madura, hierba fresca y un fondo de levadura.","og_url":"https:\/\/mussons.cat\/producto\/cava-mussons-brut-nature\/","og_site_name":"Mussons","article_publisher":"https:\/\/www.facebook.com\/mussons.vins","article_modified_time":"2024-11-29T12:12:30+00:00","og_image":[{"width":1600,"height":1600,"url":"https:\/\/mussons.cat\/wp-content\/uploads\/2021\/11\/cava-mussons-brut-nature-1600.jpeg","type":"image\/jpeg"}],"twitter_card":"summary_large_image","twitter_misc":{"Tiempo de lectura":"1 minuto"},"schema":{"@context":"https:\/\/schema.org","@graph":[{"@type":"WebPage","@id":"https:\/\/mussons.cat\/producto\/cava-mussons-brut-nature\/","url":"https:\/\/mussons.cat\/producto\/cava-mussons-brut-nature\/","name":"Cava Mussons Brut Nature - Mussons","isPartOf":{"@id":"https:\/\/mussons.cat\/#website"},"primaryImageOfPage":{"@id":"https:\/\/mussons.cat\/producto\/cava-mussons-brut-nature\/#primaryimage"},"image":{"@id":"https:\/\/mussons.cat\/producto\/cava-mussons-brut-nature\/#primaryimage"},"thumbnailUrl":"https:\/\/mussons.cat\/wp-content\/uploads\/2021\/11\/cava-mussons-brut-nature-1600.jpeg","datePublished":"2021-11-02T09:27:33+00:00","dateModified":"2024-11-29T12:12:30+00:00","breadcrumb":{"@id":"https:\/\/mussons.cat\/producto\/cava-mussons-brut-nature\/#breadcrumb"},"inLanguage":"es","potentialAction":[{"@type":"ReadAction","target":["https:\/\/mussons.cat\/producto\/cava-mussons-brut-nature\/"]}]},{"@type":"ImageObject","inLanguage":"es","@id":"https:\/\/mussons.cat\/producto\/cava-mussons-brut-nature\/#primaryimage","url":"https:\/\/mussons.cat\/wp-content\/uploads\/2021\/11\/cava-mussons-brut-nature-1600.jpeg","contentUrl":"https:\/\/mussons.cat\/wp-content\/uploads\/2021\/11\/cava-mussons-brut-nature-1600.jpeg","width":1600,"height":1600},{"@type":"BreadcrumbList","@id":"https:\/\/mussons.cat\/producto\/cava-mussons-brut-nature\/#breadcrumb","itemListElement":[{"@type":"ListItem","position":1,"name":"Inici","item":"https:\/\/mussons.cat\/"},{"@type":"ListItem","position":2,"name":"TIENDA ONLINE","item":"https:\/\/mussons.cat\/botiga-online\/"},{"@type":"ListItem","position":3,"name":"Cava Mussons Brut Nature"}]},{"@type":"WebSite","@id":"https:\/\/mussons.cat\/#website","url":"https:\/\/mussons.cat\/","name":"Mussons","description":"El celler del Priorat","publisher":{"@id":"https:\/\/mussons.cat\/#organization"},"potentialAction":[{"@type":"SearchAction","target":{"@type":"EntryPoint","urlTemplate":"https:\/\/mussons.cat\/?s={search_term_string}"},"query-input":{"@type":"PropertyValueSpecification","valueRequired":true,"valueName":"search_term_string"}}],"inLanguage":"es"},{"@type":"Organization","@id":"https:\/\/mussons.cat\/#organization","name":"Mussons","url":"https:\/\/mussons.cat\/","logo":{"@type":"ImageObject","inLanguage":"es","@id":"https:\/\/mussons.cat\/#\/schema\/logo\/image\/","url":"https:\/\/mussons.cat\/wp-content\/uploads\/2021\/11\/logo.jpg","contentUrl":"https:\/\/mussons.cat\/wp-content\/uploads\/2021\/11\/logo.jpg","width":200,"height":200,"caption":"Mussons"},"image":{"@id":"https:\/\/mussons.cat\/#\/schema\/logo\/image\/"},"sameAs":["https:\/\/www.facebook.com\/mussons.vins","https:\/\/www.instagram.com\/mussonsvins\/"]}]}},"_links":{"self":[{"href":"https:\/\/mussons.cat\/es\/wp-json\/wp\/v2\/product\/1576","targetHints":{"allow":["GET"]}}],"collection":[{"href":"https:\/\/mussons.cat\/es\/wp-json\/wp\/v2\/product"}],"about":[{"href":"https:\/\/mussons.cat\/es\/wp-json\/wp\/v2\/types\/product"}],"replies":[{"embeddable":true,"href":"https:\/\/mussons.cat\/es\/wp-json\/wp\/v2\/comments?post=1576"}],"wp:featuredmedia":[{"embeddable":true,"href":"https:\/\/mussons.cat\/es\/wp-json\/wp\/v2\/media\/1179"}],"wp:attachment":[{"href":"https:\/\/mussons.cat\/es\/wp-json\/wp\/v2\/media?parent=1576"}],"wp:term":[{"taxonomy":"product_brand","embeddable":true,"href":"https:\/\/mussons.cat\/es\/wp-json\/wp\/v2\/product_brand?post=1576"},{"taxonomy":"product_cat","embeddable":true,"href":"https:\/\/mussons.cat\/es\/wp-json\/wp\/v2\/product_cat?post=1576"},{"taxonomy":"product_tag","embeddable":true,"href":"https:\/\/mussons.cat\/es\/wp-json\/wp\/v2\/product_tag?post=1576"}],"curies":[{"name":"wp","href":"https:\/\/api.w.org\/{rel}","templated":true}]}}