{"id":1580,"date":"2021-11-02T12:10:50","date_gmt":"2021-11-02T12:10:50","guid":{"rendered":"https:\/\/mussons.cat\/producto\/la-bodega-y-el-vinos\/"},"modified":"2024-01-06T10:26:17","modified_gmt":"2024-01-06T09:26:17","slug":"la-bodega-y-el-vinos","status":"publish","type":"product","link":"https:\/\/mussons.cat\/es\/producto\/la-bodega-y-el-vinos\/","title":{"rendered":"La Bodega y el Vinos"},"content":{"rendered":"","protected":false},"excerpt":{"rendered":"<p>Una visita a la bodega muy din\u00e1mica donde podr\u00e1 descubrir los secretos que se esconden detr\u00e1s de la producci\u00f3n de los vinos ecol\u00f3gicos de Mussons Vins y que nos permitir\u00e1 entender la DOQ Priorat.<\/p>\n","protected":false},"featured_media":1201,"comment_status":"open","ping_status":"closed","template":"","meta":{"_et_pb_use_builder":"","_et_pb_old_content":"","_et_gb_content_width":""},"product_brand":[],"product_cat":[45],"product_tag":[],"class_list":{"0":"post-1580","1":"product","2":"type-product","3":"status-publish","4":"has-post-thumbnail","6":"product_cat-visitas-y-catas","8":"first","9":"instock","10":"shipping-taxable","11":"purchasable","12":"product-type-simple"},"yoast_head":"<!-- This site is optimized with the Yoast SEO plugin v27.4 - https:\/\/yoast.com\/product\/yoast-seo-wordpress\/ -->\n<title>La Bodega y el Vinos - Mussons<\/title>\n<meta name=\"robots\" content=\"index, follow, max-snippet:-1, max-image-preview:large, max-video-preview:-1\" \/>\n<link rel=\"canonical\" href=\"https:\/\/mussons.cat\/producto\/el-celler-i-el-vins\/\" \/>\n<meta property=\"og:locale\" content=\"es_ES\" \/>\n<meta property=\"og:type\" content=\"article\" \/>\n<meta property=\"og:title\" content=\"La Bodega y el Vinos - Mussons\" \/>\n<meta property=\"og:description\" content=\"Una visita a la bodega muy din\u00e1mica donde podr\u00e1 descubrir los secretos que se esconden detr\u00e1s de la producci\u00f3n de los vinos ecol\u00f3gicos de Mussons Vins y que nos permitir\u00e1 entender la DOQ Priorat.\" \/>\n<meta property=\"og:url\" content=\"https:\/\/mussons.cat\/producto\/el-celler-i-el-vins\/\" \/>\n<meta property=\"og:site_name\" content=\"Mussons\" \/>\n<meta property=\"article:publisher\" content=\"https:\/\/www.facebook.com\/mussons.vins\" \/>\n<meta property=\"article:modified_time\" content=\"2024-01-06T09:26:17+00:00\" \/>\n<meta property=\"og:image\" content=\"https:\/\/mussons.cat\/wp-content\/uploads\/2021\/11\/celler-poboleda-mussons.jpeg\" \/>\n\t<meta property=\"og:image:width\" content=\"1920\" \/>\n\t<meta property=\"og:image:height\" content=\"1003\" \/>\n\t<meta property=\"og:image:type\" content=\"image\/jpeg\" \/>\n<meta name=\"twitter:card\" content=\"summary_large_image\" \/>\n<script type=\"application\/ld+json\" class=\"yoast-schema-graph\">{\"@context\":\"https:\\\/\\\/schema.org\",\"@graph\":[{\"@type\":\"WebPage\",\"@id\":\"https:\\\/\\\/mussons.cat\\\/producto\\\/el-celler-i-el-vins\\\/\",\"url\":\"https:\\\/\\\/mussons.cat\\\/producto\\\/el-celler-i-el-vins\\\/\",\"name\":\"La Bodega y el Vinos - Mussons\",\"isPartOf\":{\"@id\":\"https:\\\/\\\/mussons.cat\\\/#website\"},\"primaryImageOfPage\":{\"@id\":\"https:\\\/\\\/mussons.cat\\\/producto\\\/el-celler-i-el-vins\\\/#primaryimage\"},\"image\":{\"@id\":\"https:\\\/\\\/mussons.cat\\\/producto\\\/el-celler-i-el-vins\\\/#primaryimage\"},\"thumbnailUrl\":\"https:\\\/\\\/mussons.cat\\\/wp-content\\\/uploads\\\/2021\\\/11\\\/celler-poboleda-mussons.jpeg\",\"datePublished\":\"2021-11-02T12:10:50+00:00\",\"dateModified\":\"2024-01-06T09:26:17+00:00\",\"breadcrumb\":{\"@id\":\"https:\\\/\\\/mussons.cat\\\/producto\\\/el-celler-i-el-vins\\\/#breadcrumb\"},\"inLanguage\":\"es\",\"potentialAction\":[{\"@type\":\"ReadAction\",\"target\":[\"https:\\\/\\\/mussons.cat\\\/producto\\\/el-celler-i-el-vins\\\/\"]}]},{\"@type\":\"ImageObject\",\"inLanguage\":\"es\",\"@id\":\"https:\\\/\\\/mussons.cat\\\/producto\\\/el-celler-i-el-vins\\\/#primaryimage\",\"url\":\"https:\\\/\\\/mussons.cat\\\/wp-content\\\/uploads\\\/2021\\\/11\\\/celler-poboleda-mussons.jpeg\",\"contentUrl\":\"https:\\\/\\\/mussons.cat\\\/wp-content\\\/uploads\\\/2021\\\/11\\\/celler-poboleda-mussons.jpeg\",\"width\":1920,\"height\":1003},{\"@type\":\"BreadcrumbList\",\"@id\":\"https:\\\/\\\/mussons.cat\\\/producto\\\/el-celler-i-el-vins\\\/#breadcrumb\",\"itemListElement\":[{\"@type\":\"ListItem\",\"position\":1,\"name\":\"Inici\",\"item\":\"https:\\\/\\\/mussons.cat\\\/\"},{\"@type\":\"ListItem\",\"position\":2,\"name\":\"TIENDA ONLINE\",\"item\":\"https:\\\/\\\/mussons.cat\\\/botiga-online\\\/\"},{\"@type\":\"ListItem\",\"position\":3,\"name\":\"La Bodega y el Vinos\"}]},{\"@type\":\"WebSite\",\"@id\":\"https:\\\/\\\/mussons.cat\\\/#website\",\"url\":\"https:\\\/\\\/mussons.cat\\\/\",\"name\":\"Mussons\",\"description\":\"El celler del Priorat\",\"publisher\":{\"@id\":\"https:\\\/\\\/mussons.cat\\\/#organization\"},\"potentialAction\":[{\"@type\":\"SearchAction\",\"target\":{\"@type\":\"EntryPoint\",\"urlTemplate\":\"https:\\\/\\\/mussons.cat\\\/?s={search_term_string}\"},\"query-input\":{\"@type\":\"PropertyValueSpecification\",\"valueRequired\":true,\"valueName\":\"search_term_string\"}}],\"inLanguage\":\"es\"},{\"@type\":\"Organization\",\"@id\":\"https:\\\/\\\/mussons.cat\\\/#organization\",\"name\":\"Mussons\",\"url\":\"https:\\\/\\\/mussons.cat\\\/\",\"logo\":{\"@type\":\"ImageObject\",\"inLanguage\":\"es\",\"@id\":\"https:\\\/\\\/mussons.cat\\\/#\\\/schema\\\/logo\\\/image\\\/\",\"url\":\"https:\\\/\\\/mussons.cat\\\/wp-content\\\/uploads\\\/2021\\\/11\\\/logo.jpg\",\"contentUrl\":\"https:\\\/\\\/mussons.cat\\\/wp-content\\\/uploads\\\/2021\\\/11\\\/logo.jpg\",\"width\":200,\"height\":200,\"caption\":\"Mussons\"},\"image\":{\"@id\":\"https:\\\/\\\/mussons.cat\\\/#\\\/schema\\\/logo\\\/image\\\/\"},\"sameAs\":[\"https:\\\/\\\/www.facebook.com\\\/mussons.vins\",\"https:\\\/\\\/www.instagram.com\\\/mussonsvins\\\/\"]}]}<\/script>\n<!-- \/ Yoast SEO plugin. -->","yoast_head_json":{"title":"La Bodega y el Vinos - Mussons","robots":{"index":"index","follow":"follow","max-snippet":"max-snippet:-1","max-image-preview":"max-image-preview:large","max-video-preview":"max-video-preview:-1"},"canonical":"https:\/\/mussons.cat\/producto\/el-celler-i-el-vins\/","og_locale":"es_ES","og_type":"article","og_title":"La Bodega y el Vinos - Mussons","og_description":"Una visita a la bodega muy din\u00e1mica donde podr\u00e1 descubrir los secretos que se esconden detr\u00e1s de la producci\u00f3n de los vinos ecol\u00f3gicos de Mussons Vins y que nos permitir\u00e1 entender la DOQ Priorat.","og_url":"https:\/\/mussons.cat\/producto\/el-celler-i-el-vins\/","og_site_name":"Mussons","article_publisher":"https:\/\/www.facebook.com\/mussons.vins","article_modified_time":"2024-01-06T09:26:17+00:00","og_image":[{"width":1920,"height":1003,"url":"https:\/\/mussons.cat\/wp-content\/uploads\/2021\/11\/celler-poboleda-mussons.jpeg","type":"image\/jpeg"}],"twitter_card":"summary_large_image","schema":{"@context":"https:\/\/schema.org","@graph":[{"@type":"WebPage","@id":"https:\/\/mussons.cat\/producto\/el-celler-i-el-vins\/","url":"https:\/\/mussons.cat\/producto\/el-celler-i-el-vins\/","name":"La Bodega y el Vinos - Mussons","isPartOf":{"@id":"https:\/\/mussons.cat\/#website"},"primaryImageOfPage":{"@id":"https:\/\/mussons.cat\/producto\/el-celler-i-el-vins\/#primaryimage"},"image":{"@id":"https:\/\/mussons.cat\/producto\/el-celler-i-el-vins\/#primaryimage"},"thumbnailUrl":"https:\/\/mussons.cat\/wp-content\/uploads\/2021\/11\/celler-poboleda-mussons.jpeg","datePublished":"2021-11-02T12:10:50+00:00","dateModified":"2024-01-06T09:26:17+00:00","breadcrumb":{"@id":"https:\/\/mussons.cat\/producto\/el-celler-i-el-vins\/#breadcrumb"},"inLanguage":"es","potentialAction":[{"@type":"ReadAction","target":["https:\/\/mussons.cat\/producto\/el-celler-i-el-vins\/"]}]},{"@type":"ImageObject","inLanguage":"es","@id":"https:\/\/mussons.cat\/producto\/el-celler-i-el-vins\/#primaryimage","url":"https:\/\/mussons.cat\/wp-content\/uploads\/2021\/11\/celler-poboleda-mussons.jpeg","contentUrl":"https:\/\/mussons.cat\/wp-content\/uploads\/2021\/11\/celler-poboleda-mussons.jpeg","width":1920,"height":1003},{"@type":"BreadcrumbList","@id":"https:\/\/mussons.cat\/producto\/el-celler-i-el-vins\/#breadcrumb","itemListElement":[{"@type":"ListItem","position":1,"name":"Inici","item":"https:\/\/mussons.cat\/"},{"@type":"ListItem","position":2,"name":"TIENDA ONLINE","item":"https:\/\/mussons.cat\/botiga-online\/"},{"@type":"ListItem","position":3,"name":"La Bodega y el Vinos"}]},{"@type":"WebSite","@id":"https:\/\/mussons.cat\/#website","url":"https:\/\/mussons.cat\/","name":"Mussons","description":"El celler del Priorat","publisher":{"@id":"https:\/\/mussons.cat\/#organization"},"potentialAction":[{"@type":"SearchAction","target":{"@type":"EntryPoint","urlTemplate":"https:\/\/mussons.cat\/?s={search_term_string}"},"query-input":{"@type":"PropertyValueSpecification","valueRequired":true,"valueName":"search_term_string"}}],"inLanguage":"es"},{"@type":"Organization","@id":"https:\/\/mussons.cat\/#organization","name":"Mussons","url":"https:\/\/mussons.cat\/","logo":{"@type":"ImageObject","inLanguage":"es","@id":"https:\/\/mussons.cat\/#\/schema\/logo\/image\/","url":"https:\/\/mussons.cat\/wp-content\/uploads\/2021\/11\/logo.jpg","contentUrl":"https:\/\/mussons.cat\/wp-content\/uploads\/2021\/11\/logo.jpg","width":200,"height":200,"caption":"Mussons"},"image":{"@id":"https:\/\/mussons.cat\/#\/schema\/logo\/image\/"},"sameAs":["https:\/\/www.facebook.com\/mussons.vins","https:\/\/www.instagram.com\/mussonsvins\/"]}]}},"_links":{"self":[{"href":"https:\/\/mussons.cat\/es\/wp-json\/wp\/v2\/product\/1580","targetHints":{"allow":["GET"]}}],"collection":[{"href":"https:\/\/mussons.cat\/es\/wp-json\/wp\/v2\/product"}],"about":[{"href":"https:\/\/mussons.cat\/es\/wp-json\/wp\/v2\/types\/product"}],"replies":[{"embeddable":true,"href":"https:\/\/mussons.cat\/es\/wp-json\/wp\/v2\/comments?post=1580"}],"wp:featuredmedia":[{"embeddable":true,"href":"https:\/\/mussons.cat\/es\/wp-json\/wp\/v2\/media\/1201"}],"wp:attachment":[{"href":"https:\/\/mussons.cat\/es\/wp-json\/wp\/v2\/media?parent=1580"}],"wp:term":[{"taxonomy":"product_brand","embeddable":true,"href":"https:\/\/mussons.cat\/es\/wp-json\/wp\/v2\/product_brand?post=1580"},{"taxonomy":"product_cat","embeddable":true,"href":"https:\/\/mussons.cat\/es\/wp-json\/wp\/v2\/product_cat?post=1580"},{"taxonomy":"product_tag","embeddable":true,"href":"https:\/\/mussons.cat\/es\/wp-json\/wp\/v2\/product_tag?post=1580"}],"curies":[{"name":"wp","href":"https:\/\/api.w.org\/{rel}","templated":true}]}}