{"id":1581,"date":"2021-12-17T10:25:07","date_gmt":"2021-12-17T09:25:07","guid":{"rendered":"https:\/\/mussons.cat\/producto\/de-la-tierra-a-la-botella\/"},"modified":"2022-04-28T10:22:49","modified_gmt":"2022-04-28T08:22:49","slug":"de-la-tierra-a-la-botella","status":"publish","type":"product","link":"https:\/\/mussons.cat\/es\/producto\/de-la-tierra-a-la-botella\/","title":{"rendered":"De la tierra a la botella"},"content":{"rendered":"","protected":false},"excerpt":{"rendered":"<p>Una experiencia muy completa en la que descubriremos la magia de la tradici\u00f3n vin\u00edcola. Desde el origen en el vi\u00f1edo, pasando por la bodega y hasta la copa, esta visita nos ofrecer\u00e1 una visi\u00f3n hol\u00edstica de la tradici\u00f3n vin\u00edcola del Priorat.<\/p>\n","protected":false},"featured_media":1235,"comment_status":"open","ping_status":"closed","template":"","meta":{"_et_pb_use_builder":"on","_et_pb_old_content":"","_et_gb_content_width":""},"product_brand":[],"product_cat":[45],"product_tag":[],"class_list":{"0":"post-1581","1":"product","2":"type-product","3":"status-publish","4":"has-post-thumbnail","6":"product_cat-visitas-y-catas","8":"first","9":"instock","10":"shipping-taxable","11":"purchasable","12":"product-type-simple"},"yoast_head":"<!-- This site is optimized with the Yoast SEO plugin v27.4 - https:\/\/yoast.com\/product\/yoast-seo-wordpress\/ -->\n<title>De la tierra a la botella - Mussons<\/title>\n<meta name=\"robots\" content=\"index, follow, max-snippet:-1, max-image-preview:large, max-video-preview:-1\" \/>\n<link rel=\"canonical\" href=\"https:\/\/mussons.cat\/producto\/de-la-terra-a-lampolla\/\" \/>\n<meta property=\"og:locale\" content=\"es_ES\" \/>\n<meta property=\"og:type\" content=\"article\" \/>\n<meta property=\"og:title\" content=\"De la tierra a la botella - Mussons\" \/>\n<meta property=\"og:description\" content=\"Una experiencia muy completa en la que descubriremos la magia de la tradici\u00f3n vin\u00edcola. Desde el origen en el vi\u00f1edo, pasando por la bodega y hasta la copa, esta visita nos ofrecer\u00e1 una visi\u00f3n hol\u00edstica de la tradici\u00f3n vin\u00edcola del Priorat.\" \/>\n<meta property=\"og:url\" content=\"https:\/\/mussons.cat\/producto\/de-la-terra-a-lampolla\/\" \/>\n<meta property=\"og:site_name\" content=\"Mussons\" \/>\n<meta property=\"article:publisher\" content=\"https:\/\/www.facebook.com\/mussons.vins\" \/>\n<meta property=\"article:modified_time\" content=\"2022-04-28T08:22:49+00:00\" \/>\n<meta property=\"og:image\" content=\"https:\/\/mussons.cat\/wp-content\/uploads\/2021\/11\/visites-al-celler-mussons.jpeg\" \/>\n\t<meta property=\"og:image:width\" content=\"1900\" \/>\n\t<meta property=\"og:image:height\" content=\"1108\" \/>\n\t<meta property=\"og:image:type\" content=\"image\/jpeg\" \/>\n<meta name=\"twitter:card\" content=\"summary_large_image\" \/>\n<script type=\"application\/ld+json\" class=\"yoast-schema-graph\">{\"@context\":\"https:\\\/\\\/schema.org\",\"@graph\":[{\"@type\":\"WebPage\",\"@id\":\"https:\\\/\\\/mussons.cat\\\/producto\\\/de-la-terra-a-lampolla\\\/\",\"url\":\"https:\\\/\\\/mussons.cat\\\/producto\\\/de-la-terra-a-lampolla\\\/\",\"name\":\"De la tierra a la botella - Mussons\",\"isPartOf\":{\"@id\":\"https:\\\/\\\/mussons.cat\\\/#website\"},\"primaryImageOfPage\":{\"@id\":\"https:\\\/\\\/mussons.cat\\\/producto\\\/de-la-terra-a-lampolla\\\/#primaryimage\"},\"image\":{\"@id\":\"https:\\\/\\\/mussons.cat\\\/producto\\\/de-la-terra-a-lampolla\\\/#primaryimage\"},\"thumbnailUrl\":\"https:\\\/\\\/mussons.cat\\\/wp-content\\\/uploads\\\/2021\\\/11\\\/visites-al-celler-mussons.jpeg\",\"datePublished\":\"2021-12-17T09:25:07+00:00\",\"dateModified\":\"2022-04-28T08:22:49+00:00\",\"breadcrumb\":{\"@id\":\"https:\\\/\\\/mussons.cat\\\/producto\\\/de-la-terra-a-lampolla\\\/#breadcrumb\"},\"inLanguage\":\"es\",\"potentialAction\":[{\"@type\":\"ReadAction\",\"target\":[\"https:\\\/\\\/mussons.cat\\\/producto\\\/de-la-terra-a-lampolla\\\/\"]}]},{\"@type\":\"ImageObject\",\"inLanguage\":\"es\",\"@id\":\"https:\\\/\\\/mussons.cat\\\/producto\\\/de-la-terra-a-lampolla\\\/#primaryimage\",\"url\":\"https:\\\/\\\/mussons.cat\\\/wp-content\\\/uploads\\\/2021\\\/11\\\/visites-al-celler-mussons.jpeg\",\"contentUrl\":\"https:\\\/\\\/mussons.cat\\\/wp-content\\\/uploads\\\/2021\\\/11\\\/visites-al-celler-mussons.jpeg\",\"width\":1900,\"height\":1108},{\"@type\":\"BreadcrumbList\",\"@id\":\"https:\\\/\\\/mussons.cat\\\/producto\\\/de-la-terra-a-lampolla\\\/#breadcrumb\",\"itemListElement\":[{\"@type\":\"ListItem\",\"position\":1,\"name\":\"Inici\",\"item\":\"https:\\\/\\\/mussons.cat\\\/\"},{\"@type\":\"ListItem\",\"position\":2,\"name\":\"TIENDA ONLINE\",\"item\":\"https:\\\/\\\/mussons.cat\\\/botiga-online\\\/\"},{\"@type\":\"ListItem\",\"position\":3,\"name\":\"De la tierra a la botella\"}]},{\"@type\":\"WebSite\",\"@id\":\"https:\\\/\\\/mussons.cat\\\/#website\",\"url\":\"https:\\\/\\\/mussons.cat\\\/\",\"name\":\"Mussons\",\"description\":\"El celler del Priorat\",\"publisher\":{\"@id\":\"https:\\\/\\\/mussons.cat\\\/#organization\"},\"potentialAction\":[{\"@type\":\"SearchAction\",\"target\":{\"@type\":\"EntryPoint\",\"urlTemplate\":\"https:\\\/\\\/mussons.cat\\\/?s={search_term_string}\"},\"query-input\":{\"@type\":\"PropertyValueSpecification\",\"valueRequired\":true,\"valueName\":\"search_term_string\"}}],\"inLanguage\":\"es\"},{\"@type\":\"Organization\",\"@id\":\"https:\\\/\\\/mussons.cat\\\/#organization\",\"name\":\"Mussons\",\"url\":\"https:\\\/\\\/mussons.cat\\\/\",\"logo\":{\"@type\":\"ImageObject\",\"inLanguage\":\"es\",\"@id\":\"https:\\\/\\\/mussons.cat\\\/#\\\/schema\\\/logo\\\/image\\\/\",\"url\":\"https:\\\/\\\/mussons.cat\\\/wp-content\\\/uploads\\\/2021\\\/11\\\/logo.jpg\",\"contentUrl\":\"https:\\\/\\\/mussons.cat\\\/wp-content\\\/uploads\\\/2021\\\/11\\\/logo.jpg\",\"width\":200,\"height\":200,\"caption\":\"Mussons\"},\"image\":{\"@id\":\"https:\\\/\\\/mussons.cat\\\/#\\\/schema\\\/logo\\\/image\\\/\"},\"sameAs\":[\"https:\\\/\\\/www.facebook.com\\\/mussons.vins\",\"https:\\\/\\\/www.instagram.com\\\/mussonsvins\\\/\"]}]}<\/script>\n<!-- \/ Yoast SEO plugin. -->","yoast_head_json":{"title":"De la tierra a la botella - Mussons","robots":{"index":"index","follow":"follow","max-snippet":"max-snippet:-1","max-image-preview":"max-image-preview:large","max-video-preview":"max-video-preview:-1"},"canonical":"https:\/\/mussons.cat\/producto\/de-la-terra-a-lampolla\/","og_locale":"es_ES","og_type":"article","og_title":"De la tierra a la botella - Mussons","og_description":"Una experiencia muy completa en la que descubriremos la magia de la tradici\u00f3n vin\u00edcola. Desde el origen en el vi\u00f1edo, pasando por la bodega y hasta la copa, esta visita nos ofrecer\u00e1 una visi\u00f3n hol\u00edstica de la tradici\u00f3n vin\u00edcola del Priorat.","og_url":"https:\/\/mussons.cat\/producto\/de-la-terra-a-lampolla\/","og_site_name":"Mussons","article_publisher":"https:\/\/www.facebook.com\/mussons.vins","article_modified_time":"2022-04-28T08:22:49+00:00","og_image":[{"width":1900,"height":1108,"url":"https:\/\/mussons.cat\/wp-content\/uploads\/2021\/11\/visites-al-celler-mussons.jpeg","type":"image\/jpeg"}],"twitter_card":"summary_large_image","schema":{"@context":"https:\/\/schema.org","@graph":[{"@type":"WebPage","@id":"https:\/\/mussons.cat\/producto\/de-la-terra-a-lampolla\/","url":"https:\/\/mussons.cat\/producto\/de-la-terra-a-lampolla\/","name":"De la tierra a la botella - Mussons","isPartOf":{"@id":"https:\/\/mussons.cat\/#website"},"primaryImageOfPage":{"@id":"https:\/\/mussons.cat\/producto\/de-la-terra-a-lampolla\/#primaryimage"},"image":{"@id":"https:\/\/mussons.cat\/producto\/de-la-terra-a-lampolla\/#primaryimage"},"thumbnailUrl":"https:\/\/mussons.cat\/wp-content\/uploads\/2021\/11\/visites-al-celler-mussons.jpeg","datePublished":"2021-12-17T09:25:07+00:00","dateModified":"2022-04-28T08:22:49+00:00","breadcrumb":{"@id":"https:\/\/mussons.cat\/producto\/de-la-terra-a-lampolla\/#breadcrumb"},"inLanguage":"es","potentialAction":[{"@type":"ReadAction","target":["https:\/\/mussons.cat\/producto\/de-la-terra-a-lampolla\/"]}]},{"@type":"ImageObject","inLanguage":"es","@id":"https:\/\/mussons.cat\/producto\/de-la-terra-a-lampolla\/#primaryimage","url":"https:\/\/mussons.cat\/wp-content\/uploads\/2021\/11\/visites-al-celler-mussons.jpeg","contentUrl":"https:\/\/mussons.cat\/wp-content\/uploads\/2021\/11\/visites-al-celler-mussons.jpeg","width":1900,"height":1108},{"@type":"BreadcrumbList","@id":"https:\/\/mussons.cat\/producto\/de-la-terra-a-lampolla\/#breadcrumb","itemListElement":[{"@type":"ListItem","position":1,"name":"Inici","item":"https:\/\/mussons.cat\/"},{"@type":"ListItem","position":2,"name":"TIENDA ONLINE","item":"https:\/\/mussons.cat\/botiga-online\/"},{"@type":"ListItem","position":3,"name":"De la tierra a la botella"}]},{"@type":"WebSite","@id":"https:\/\/mussons.cat\/#website","url":"https:\/\/mussons.cat\/","name":"Mussons","description":"El celler del Priorat","publisher":{"@id":"https:\/\/mussons.cat\/#organization"},"potentialAction":[{"@type":"SearchAction","target":{"@type":"EntryPoint","urlTemplate":"https:\/\/mussons.cat\/?s={search_term_string}"},"query-input":{"@type":"PropertyValueSpecification","valueRequired":true,"valueName":"search_term_string"}}],"inLanguage":"es"},{"@type":"Organization","@id":"https:\/\/mussons.cat\/#organization","name":"Mussons","url":"https:\/\/mussons.cat\/","logo":{"@type":"ImageObject","inLanguage":"es","@id":"https:\/\/mussons.cat\/#\/schema\/logo\/image\/","url":"https:\/\/mussons.cat\/wp-content\/uploads\/2021\/11\/logo.jpg","contentUrl":"https:\/\/mussons.cat\/wp-content\/uploads\/2021\/11\/logo.jpg","width":200,"height":200,"caption":"Mussons"},"image":{"@id":"https:\/\/mussons.cat\/#\/schema\/logo\/image\/"},"sameAs":["https:\/\/www.facebook.com\/mussons.vins","https:\/\/www.instagram.com\/mussonsvins\/"]}]}},"_links":{"self":[{"href":"https:\/\/mussons.cat\/es\/wp-json\/wp\/v2\/product\/1581","targetHints":{"allow":["GET"]}}],"collection":[{"href":"https:\/\/mussons.cat\/es\/wp-json\/wp\/v2\/product"}],"about":[{"href":"https:\/\/mussons.cat\/es\/wp-json\/wp\/v2\/types\/product"}],"replies":[{"embeddable":true,"href":"https:\/\/mussons.cat\/es\/wp-json\/wp\/v2\/comments?post=1581"}],"wp:featuredmedia":[{"embeddable":true,"href":"https:\/\/mussons.cat\/es\/wp-json\/wp\/v2\/media\/1235"}],"wp:attachment":[{"href":"https:\/\/mussons.cat\/es\/wp-json\/wp\/v2\/media?parent=1581"}],"wp:term":[{"taxonomy":"product_brand","embeddable":true,"href":"https:\/\/mussons.cat\/es\/wp-json\/wp\/v2\/product_brand?post=1581"},{"taxonomy":"product_cat","embeddable":true,"href":"https:\/\/mussons.cat\/es\/wp-json\/wp\/v2\/product_cat?post=1581"},{"taxonomy":"product_tag","embeddable":true,"href":"https:\/\/mussons.cat\/es\/wp-json\/wp\/v2\/product_tag?post=1581"}],"curies":[{"name":"wp","href":"https:\/\/api.w.org\/{rel}","templated":true}]}}